{"id":4440,"date":"2026-02-09T15:14:24","date_gmt":"2026-02-09T15:14:24","guid":{"rendered":"https:\/\/egoskincare.pl\/sklep\/?post_type=product&#038;p=4440"},"modified":"2026-02-09T15:30:25","modified_gmt":"2026-02-09T15:30:25","slug":"pro-xn-abccream-beige02","status":"publish","type":"product","link":"https:\/\/egoskincare.pl\/sklep\/produkt\/pro-xn-abccream-beige02\/","title":{"rendered":"PRO XN ABC Cream SPF 50 &#8211; 02 Beige"},"content":{"rendered":"<div class=\"elementor-element elementor-element-586ab61 elementor-widget elementor-widget-text-editor\" data-id=\"586ab61\" data-element_type=\"widget\" data-widget_type=\"text-editor.default\">\n<div class=\"elementor-widget-container\">\n<div class=\"elementor-text-editor elementor-clearfix\">\n<p data-start=\"85\" data-end=\"170\"><strong data-start=\"85\" data-end=\"117\">ABC Cream SPF 50 &#8211; 02 Beige<\/strong><br data-start=\"117\" data-end=\"120\" \/>Lekki krem koloryzuj\u0105cy z ochron\u0105 przeciws\u0142oneczn\u0105<\/p>\n<p data-start=\"172\" data-end=\"493\">ABC Cream w odcieniu BEIGE 02 \u0142\u0105czy wysok\u0105 ochron\u0119 przeciws\u0142oneczn\u0105 SPF 50 z naturalnym, ciep\u0142ym kolorem, kt\u00f3ry dopasowuje si\u0119 do sk\u00f3ry, nadaj\u0105c jej zdrowy wygl\u0105d i efekt subtelnej opalenizny. Dzi\u0119ki organicznym filtrom skutecznie chroni przed promieniowaniem UVA i UVB, a mineralne pigmenty pomagaj\u0105 wyr\u00f3wna\u0107 koloryt cery.<\/p>\n<p data-start=\"495\" data-end=\"709\">Lekka, ochronna formu\u0142a zapewnia komfort noszenia przez ca\u0142y dzie\u0144, nie obci\u0105\u017caj\u0105c sk\u00f3ry. Krem wspiera ochron\u0119 przed zanieczyszczeniami \u015brodowiskowymi, \u0142agodzi podra\u017cnienia i wspomaga naturalne procesy regeneracji.<\/p>\n<h3 data-start=\"711\" data-end=\"724\">Dzia\u0142anie<\/h3>\n<p data-start=\"725\" data-end=\"934\">\u2022 wysoka ochrona przeciws\u0142oneczna SPF 50 (UVA\/UVB)<br data-start=\"775\" data-end=\"778\" \/>\u2022 naturalne wyr\u00f3wnanie kolorytu i efekt \u201emu\u015bni\u0119tej s\u0142o\u0144cem\u201d sk\u00f3ry<br data-start=\"843\" data-end=\"846\" \/>\u2022 ochrona przed zanieczyszczeniami powietrza<br data-start=\"890\" data-end=\"893\" \/>\u2022 ukojenie i wsparcie regeneracji sk\u00f3ry<\/p>\n<h3 data-start=\"936\" data-end=\"957\">Sk\u0142adniki aktywne<\/h3>\n<p data-start=\"958\" data-end=\"1180\"><strong data-start=\"958\" data-end=\"971\">Alantoina<\/strong> \u2013 \u0142agodzi i koi podra\u017cnienia, wspiera regeneracj\u0119 sk\u00f3ry<br data-start=\"1027\" data-end=\"1030\" \/><strong data-start=\"1030\" data-end=\"1047\">NeoClair Pro\u2122<\/strong> \u2013 hamuje receptor AHR aktywowany przez zanieczyszczenia, chroni przed stresem oksydacyjnym oraz dzia\u0142a detoksykuj\u0105co i rozja\u015bniaj\u0105co<\/p>\n<\/div>\n<\/div>\n<\/div>\n","protected":false},"excerpt":{"rendered":"<div class=\"summary entry-summary\">\n<div class=\"woocommerce-product-details__short-description\">\n<p><strong><em>W celu zam\u00f3wienia produktu prosimy o kontakt.<\/em><\/strong><\/p>\n<\/div>\n<\/div>\n","protected":false},"featured_media":4441,"comment_status":"open","ping_status":"closed","template":"","meta":{"ocean_post_layout":"","ocean_both_sidebars_style":"","ocean_both_sidebars_content_width":0,"ocean_both_sidebars_sidebars_width":0,"ocean_sidebar":"0","ocean_second_sidebar":"0","ocean_disable_margins":"enable","ocean_add_body_class":"","ocean_shortcode_before_top_bar":"","ocean_shortcode_after_top_bar":"","ocean_shortcode_before_header":"","ocean_shortcode_after_header":"","ocean_has_shortcode":"","ocean_shortcode_after_title":"","ocean_shortcode_before_footer_widgets":"","ocean_shortcode_after_footer_widgets":"","ocean_shortcode_before_footer_bottom":"","ocean_shortcode_after_footer_bottom":"","ocean_display_top_bar":"default","ocean_display_header":"default","ocean_header_style":"","ocean_center_header_left_menu":"0","ocean_custom_header_template":"0","ocean_custom_logo":0,"ocean_custom_retina_logo":0,"ocean_custom_logo_max_width":0,"ocean_custom_logo_tablet_max_width":0,"ocean_custom_logo_mobile_max_width":0,"ocean_custom_logo_max_height":0,"ocean_custom_logo_tablet_max_height":0,"ocean_custom_logo_mobile_max_height":0,"ocean_header_custom_menu":"0","ocean_menu_typo_font_family":"0","ocean_menu_typo_font_subset":"","ocean_menu_typo_font_size":0,"ocean_menu_typo_font_size_tablet":0,"ocean_menu_typo_font_size_mobile":0,"ocean_menu_typo_font_size_unit":"px","ocean_menu_typo_font_weight":"","ocean_menu_typo_font_weight_tablet":"","ocean_menu_typo_font_weight_mobile":"","ocean_menu_typo_transform":"","ocean_menu_typo_transform_tablet":"","ocean_menu_typo_transform_mobile":"","ocean_menu_typo_line_height":0,"ocean_menu_typo_line_height_tablet":0,"ocean_menu_typo_line_height_mobile":0,"ocean_menu_typo_line_height_unit":"","ocean_menu_typo_spacing":0,"ocean_menu_typo_spacing_tablet":0,"ocean_menu_typo_spacing_mobile":0,"ocean_menu_typo_spacing_unit":"","ocean_menu_link_color":"","ocean_menu_link_color_hover":"","ocean_menu_link_color_active":"","ocean_menu_link_background":"","ocean_menu_link_hover_background":"","ocean_menu_link_active_background":"","ocean_menu_social_links_bg":"","ocean_menu_social_hover_links_bg":"","ocean_menu_social_links_color":"","ocean_menu_social_hover_links_color":"","ocean_disable_title":"default","ocean_disable_heading":"default","ocean_post_title":"","ocean_post_subheading":"","ocean_post_title_style":"","ocean_post_title_background_color":"","ocean_post_title_background":0,"ocean_post_title_bg_image_position":"","ocean_post_title_bg_image_attachment":"","ocean_post_title_bg_image_repeat":"","ocean_post_title_bg_image_size":"","ocean_post_title_height":0,"ocean_post_title_bg_overlay":0.5,"ocean_post_title_bg_overlay_color":"","ocean_disable_breadcrumbs":"default","ocean_breadcrumbs_color":"","ocean_breadcrumbs_separator_color":"","ocean_breadcrumbs_links_color":"","ocean_breadcrumbs_links_hover_color":"","ocean_display_footer_widgets":"default","ocean_display_footer_bottom":"default","ocean_custom_footer_template":"0"},"product_brand":[],"product_cat":[61,62],"product_tag":[],"class_list":{"0":"post-4440","1":"product","2":"type-product","3":"status-publish","4":"has-post-thumbnail","6":"product_cat-pro-xn","7":"product_cat-twarz-pro-xn","9":"entry","10":"has-media","12":"first","13":"onbackorder","14":"taxable","15":"shipping-taxable","16":"product-type-simple","17":"col","18":"span_1_of_3","19":"owp-content-center","20":"owp-thumbs-layout-horizontal","21":"owp-btn-big","22":"owp-tabs-layout-horizontal","23":"has-no-thumbnails"},"_links":{"self":[{"href":"https:\/\/egoskincare.pl\/sklep\/wp-json\/wp\/v2\/product\/4440","targetHints":{"allow":["GET"]}}],"collection":[{"href":"https:\/\/egoskincare.pl\/sklep\/wp-json\/wp\/v2\/product"}],"about":[{"href":"https:\/\/egoskincare.pl\/sklep\/wp-json\/wp\/v2\/types\/product"}],"replies":[{"embeddable":true,"href":"https:\/\/egoskincare.pl\/sklep\/wp-json\/wp\/v2\/comments?post=4440"}],"wp:featuredmedia":[{"embeddable":true,"href":"https:\/\/egoskincare.pl\/sklep\/wp-json\/wp\/v2\/media\/4441"}],"wp:attachment":[{"href":"https:\/\/egoskincare.pl\/sklep\/wp-json\/wp\/v2\/media?parent=4440"}],"wp:term":[{"taxonomy":"product_brand","embeddable":true,"href":"https:\/\/egoskincare.pl\/sklep\/wp-json\/wp\/v2\/product_brand?post=4440"},{"taxonomy":"product_cat","embeddable":true,"href":"https:\/\/egoskincare.pl\/sklep\/wp-json\/wp\/v2\/product_cat?post=4440"},{"taxonomy":"product_tag","embeddable":true,"href":"https:\/\/egoskincare.pl\/sklep\/wp-json\/wp\/v2\/product_tag?post=4440"}],"curies":[{"name":"wp","href":"https:\/\/api.w.org\/{rel}","templated":true}]}}