{"id":4433,"date":"2026-02-09T15:05:36","date_gmt":"2026-02-09T15:05:36","guid":{"rendered":"https:\/\/egoskincare.pl\/sklep\/?post_type=product&#038;p=4433"},"modified":"2026-02-09T15:08:47","modified_gmt":"2026-02-09T15:08:47","slug":"pro-xn-ageease-mask","status":"publish","type":"product","link":"https:\/\/egoskincare.pl\/sklep\/produkt\/pro-xn-ageease-mask\/","title":{"rendered":"PRO XN AgeEase Mask"},"content":{"rendered":"<p data-start=\"67\" data-end=\"113\"><strong data-start=\"67\" data-end=\"113\">PRO XN AgeEase Mask \u2013 Maska do twarzy\u00a0<\/strong><\/p>\n<p data-start=\"115\" data-end=\"405\">Zaawansowana maska dermokosmetyczna wspieraj\u0105ca d\u0142ugowieczno\u015b\u0107 sk\u00f3ry (<em data-start=\"185\" data-end=\"201\">skin longevity<\/em>). Chroni przed stresem oksydacyjnym, wzmacnia naturaln\u0105 barier\u0119 ochronn\u0105 oraz wspiera regeneracj\u0119 i r\u00f3wnowag\u0119 sk\u00f3ry. Przywraca \u015bwie\u017co\u015b\u0107, blask i komfort, pomagaj\u0105c sk\u00f3rze zachowa\u0107 m\u0142ody wygl\u0105d na d\u0142u\u017cej.<\/p>\n<p data-start=\"407\" data-end=\"575\"><strong data-start=\"407\" data-end=\"420\">Dla kogo:<\/strong><br data-start=\"420\" data-end=\"423\" \/>Dla kobiet 35+ oraz os\u00f3b poszukuj\u0105cych nowoczesnej piel\u0119gnacji anti-aging, kt\u00f3ra nie tylko wyg\u0142adza, ale realnie wzmacnia funkcje sk\u00f3ry i jej odporno\u015b\u0107.<\/p>\n","protected":false},"excerpt":{"rendered":"<p data-start=\"67\" data-end=\"113\"><strong data-start=\"67\" data-end=\"113\">proXN AgeEase Mask \u2013 Maska do twarzy 50 ml<\/strong><\/p>\n<p data-start=\"115\" data-end=\"405\">Zaawansowana maska dermokosmetyczna wspieraj\u0105ca d\u0142ugowieczno\u015b\u0107 sk\u00f3ry (<em data-start=\"185\" data-end=\"201\">skin longevity<\/em>). Chroni przed stresem oksydacyjnym, wzmacnia naturaln\u0105 barier\u0119 ochronn\u0105 oraz wspiera regeneracj\u0119 i r\u00f3wnowag\u0119 sk\u00f3ry. Przywraca \u015bwie\u017co\u015b\u0107, blask i komfort, pomagaj\u0105c sk\u00f3rze zachowa\u0107 m\u0142ody wygl\u0105d na d\u0142u\u017cej.<\/p>\n<p data-start=\"407\" data-end=\"575\"><strong data-start=\"407\" data-end=\"420\">Dla kogo:<\/strong><br data-start=\"420\" data-end=\"423\" \/>Dla kobiet 35+ oraz os\u00f3b poszukuj\u0105cych nowoczesnej piel\u0119gnacji anti-aging, kt\u00f3ra nie tylko wyg\u0142adza, ale realnie wzmacnia funkcje sk\u00f3ry i jej odporno\u015b\u0107.<\/p>\n","protected":false},"featured_media":4438,"comment_status":"open","ping_status":"closed","template":"","meta":{"ocean_post_layout":"","ocean_both_sidebars_style":"","ocean_both_sidebars_content_width":0,"ocean_both_sidebars_sidebars_width":0,"ocean_sidebar":"0","ocean_second_sidebar":"0","ocean_disable_margins":"enable","ocean_add_body_class":"","ocean_shortcode_before_top_bar":"","ocean_shortcode_after_top_bar":"","ocean_shortcode_before_header":"","ocean_shortcode_after_header":"","ocean_has_shortcode":"","ocean_shortcode_after_title":"","ocean_shortcode_before_footer_widgets":"","ocean_shortcode_after_footer_widgets":"","ocean_shortcode_before_footer_bottom":"","ocean_shortcode_after_footer_bottom":"","ocean_display_top_bar":"default","ocean_display_header":"default","ocean_header_style":"","ocean_center_header_left_menu":"0","ocean_custom_header_template":"0","ocean_custom_logo":0,"ocean_custom_retina_logo":0,"ocean_custom_logo_max_width":0,"ocean_custom_logo_tablet_max_width":0,"ocean_custom_logo_mobile_max_width":0,"ocean_custom_logo_max_height":0,"ocean_custom_logo_tablet_max_height":0,"ocean_custom_logo_mobile_max_height":0,"ocean_header_custom_menu":"0","ocean_menu_typo_font_family":"0","ocean_menu_typo_font_subset":"","ocean_menu_typo_font_size":0,"ocean_menu_typo_font_size_tablet":0,"ocean_menu_typo_font_size_mobile":0,"ocean_menu_typo_font_size_unit":"px","ocean_menu_typo_font_weight":"","ocean_menu_typo_font_weight_tablet":"","ocean_menu_typo_font_weight_mobile":"","ocean_menu_typo_transform":"","ocean_menu_typo_transform_tablet":"","ocean_menu_typo_transform_mobile":"","ocean_menu_typo_line_height":0,"ocean_menu_typo_line_height_tablet":0,"ocean_menu_typo_line_height_mobile":0,"ocean_menu_typo_line_height_unit":"","ocean_menu_typo_spacing":0,"ocean_menu_typo_spacing_tablet":0,"ocean_menu_typo_spacing_mobile":0,"ocean_menu_typo_spacing_unit":"","ocean_menu_link_color":"","ocean_menu_link_color_hover":"","ocean_menu_link_color_active":"","ocean_menu_link_background":"","ocean_menu_link_hover_background":"","ocean_menu_link_active_background":"","ocean_menu_social_links_bg":"","ocean_menu_social_hover_links_bg":"","ocean_menu_social_links_color":"","ocean_menu_social_hover_links_color":"","ocean_disable_title":"on","ocean_disable_heading":"enable","ocean_post_title":"","ocean_post_subheading":"","ocean_post_title_style":"background-image","ocean_post_title_background_color":"","ocean_post_title_background":0,"ocean_post_title_bg_image_position":"","ocean_post_title_bg_image_attachment":"","ocean_post_title_bg_image_repeat":"","ocean_post_title_bg_image_size":"","ocean_post_title_height":0,"ocean_post_title_bg_overlay":0.5,"ocean_post_title_bg_overlay_color":"","ocean_disable_breadcrumbs":"off","ocean_breadcrumbs_color":"","ocean_breadcrumbs_separator_color":"","ocean_breadcrumbs_links_color":"","ocean_breadcrumbs_links_hover_color":"","ocean_display_footer_widgets":"off","ocean_display_footer_bottom":"off","ocean_custom_footer_template":"0"},"product_brand":[],"product_cat":[61,62],"product_tag":[],"class_list":{"0":"post-4433","1":"product","2":"type-product","3":"status-publish","4":"has-post-thumbnail","6":"product_cat-pro-xn","7":"product_cat-twarz-pro-xn","9":"entry","10":"has-media","12":"first","13":"onbackorder","14":"taxable","15":"shipping-taxable","16":"product-type-simple","17":"col","18":"span_1_of_3","19":"owp-content-center","20":"owp-thumbs-layout-horizontal","21":"owp-btn-big","22":"owp-tabs-layout-horizontal","23":"has-no-thumbnails"},"_links":{"self":[{"href":"https:\/\/egoskincare.pl\/sklep\/wp-json\/wp\/v2\/product\/4433","targetHints":{"allow":["GET"]}}],"collection":[{"href":"https:\/\/egoskincare.pl\/sklep\/wp-json\/wp\/v2\/product"}],"about":[{"href":"https:\/\/egoskincare.pl\/sklep\/wp-json\/wp\/v2\/types\/product"}],"replies":[{"embeddable":true,"href":"https:\/\/egoskincare.pl\/sklep\/wp-json\/wp\/v2\/comments?post=4433"}],"wp:featuredmedia":[{"embeddable":true,"href":"https:\/\/egoskincare.pl\/sklep\/wp-json\/wp\/v2\/media\/4438"}],"wp:attachment":[{"href":"https:\/\/egoskincare.pl\/sklep\/wp-json\/wp\/v2\/media?parent=4433"}],"wp:term":[{"taxonomy":"product_brand","embeddable":true,"href":"https:\/\/egoskincare.pl\/sklep\/wp-json\/wp\/v2\/product_brand?post=4433"},{"taxonomy":"product_cat","embeddable":true,"href":"https:\/\/egoskincare.pl\/sklep\/wp-json\/wp\/v2\/product_cat?post=4433"},{"taxonomy":"product_tag","embeddable":true,"href":"https:\/\/egoskincare.pl\/sklep\/wp-json\/wp\/v2\/product_tag?post=4433"}],"curies":[{"name":"wp","href":"https:\/\/api.w.org\/{rel}","templated":true}]}}