{"id":4430,"date":"2026-02-09T15:01:23","date_gmt":"2026-02-09T15:01:23","guid":{"rendered":"https:\/\/egoskincare.pl\/sklep\/?post_type=product&#038;p=4430"},"modified":"2026-02-09T15:03:49","modified_gmt":"2026-02-09T15:03:49","slug":"pro-xn-antioxidant-therapy-light","status":"publish","type":"product","link":"https:\/\/egoskincare.pl\/sklep\/produkt\/pro-xn-antioxidant-therapy-light\/","title":{"rendered":"PRO XN Antioxidant Therapy Light &#8211; terapia antyoksydacyjna"},"content":{"rendered":"<p class=\"p1\">Ultralekka formu\u0142a mleczka o w\u0142a\u015bciwo\u015bciach antyoksydacyjnych, nawil\u017caj\u0105cych, uelastyczniaj\u0105cych i regeneruj\u0105cych sk\u00f3r\u0119.<\/p>\n<h2>Wskazania<\/h2>\n<ul>\n<li>sk\u00f3ra wymagaj\u0105ca ochrony i wzmocnienia antyoksydacyjnego<\/li>\n<li>sk\u00f3ra t\u0142usta z objawami odwodniena<\/li>\n<li>sk\u00f3ra t\u0142usta z objawami o charakterze tr\u0105dziku pospolitego<\/li>\n<li>sk\u00f3ra sucha, wra\u017cliwa, podra\u017cniona<\/li>\n<li>alternatywa dla produktu Antioxidant Therapy w okresie wiosenno-letnim<\/li>\n<\/ul>\n<h2>Sk\u0142adniki aktywne<\/h2>\n<ul>\n<li>ksantahumol kompleks<\/li>\n<li>ekstrakt oleju z ziaren owsa<\/li>\n<li>ektoina<\/li>\n<li>betaina<\/li>\n<li>olej z Amarantusa<\/li>\n<\/ul>\n<h2>Spos\u00f3b U\u017cycia<\/h2>\n<div id=\"page\" class=\"site\">\n<div id=\"content\" class=\"site-content full-listing py-2 mt-2\">\n<div id=\"primary\" class=\"content-area\"><main id=\"main\" class=\"site-main\"><\/p>\n<div class=\"row\">\n<div class=\"col-md-12\">\n<div class=\"products_data_tabs_desktop mt-5\">\n<div id=\"customTabsContent\" class=\"tab-content pt-3\">\n<div id=\"opis\" class=\"tab-pane fade show active\" role=\"tabpanel\" aria-labelledby=\"opis-tab\">Stosuj codziennie rano i wieczorem, u\u017cyj 2-3 krople preparatu i delikatnie wmasuj w sk\u00f3r\u0119 twarzy, szyi i dekoltu. Stosuj zawsze na wilgotn\u0105 sk\u00f3r\u0119 najlepiej w po\u0142\u0105czeniu z Prime Mist.<\/div>\n<\/div>\n<\/div>\n<\/div>\n<\/div>\n<p><\/main><\/div>\n<\/div>\n<\/div>\n<section>\n<div class=\"full-listing shop-promotions\"><\/div>\n<\/section>\n","protected":false},"excerpt":{"rendered":"<p><strong>ANTIOXIDANT THERAPY<br \/>\n<\/strong>ANTIOXIDANT THERAPY LIGHT to innowacyjna formu\u0142a wykorzystuja\u0328ca wysoka\u0328 bioaktywnos\u0301c\u0301 Ksantohumolu w po\u0142a\u0328czeniu ze sk\u0142adnikami, kto\u0301re przywracaja\u0328 prawid\u0142owa\u0328 fizjologie\u0328 sko\u0301ry.<\/p>\n<p><strong><em>W celu zam\u00f3wienia produktu prosimy o kontakt.<\/em><\/strong><\/p>\n","protected":false},"featured_media":4431,"comment_status":"open","ping_status":"closed","template":"","meta":{"ocean_post_layout":"","ocean_both_sidebars_style":"","ocean_both_sidebars_content_width":0,"ocean_both_sidebars_sidebars_width":0,"ocean_sidebar":"0","ocean_second_sidebar":"0","ocean_disable_margins":"enable","ocean_add_body_class":"","ocean_shortcode_before_top_bar":"","ocean_shortcode_after_top_bar":"","ocean_shortcode_before_header":"","ocean_shortcode_after_header":"","ocean_has_shortcode":"","ocean_shortcode_after_title":"","ocean_shortcode_before_footer_widgets":"","ocean_shortcode_after_footer_widgets":"","ocean_shortcode_before_footer_bottom":"","ocean_shortcode_after_footer_bottom":"","ocean_display_top_bar":"default","ocean_display_header":"default","ocean_header_style":"","ocean_center_header_left_menu":"0","ocean_custom_header_template":"0","ocean_custom_logo":0,"ocean_custom_retina_logo":0,"ocean_custom_logo_max_width":0,"ocean_custom_logo_tablet_max_width":0,"ocean_custom_logo_mobile_max_width":0,"ocean_custom_logo_max_height":0,"ocean_custom_logo_tablet_max_height":0,"ocean_custom_logo_mobile_max_height":0,"ocean_header_custom_menu":"0","ocean_menu_typo_font_family":"0","ocean_menu_typo_font_subset":"","ocean_menu_typo_font_size":0,"ocean_menu_typo_font_size_tablet":0,"ocean_menu_typo_font_size_mobile":0,"ocean_menu_typo_font_size_unit":"px","ocean_menu_typo_font_weight":"","ocean_menu_typo_font_weight_tablet":"","ocean_menu_typo_font_weight_mobile":"","ocean_menu_typo_transform":"","ocean_menu_typo_transform_tablet":"","ocean_menu_typo_transform_mobile":"","ocean_menu_typo_line_height":0,"ocean_menu_typo_line_height_tablet":0,"ocean_menu_typo_line_height_mobile":0,"ocean_menu_typo_line_height_unit":"","ocean_menu_typo_spacing":0,"ocean_menu_typo_spacing_tablet":0,"ocean_menu_typo_spacing_mobile":0,"ocean_menu_typo_spacing_unit":"","ocean_menu_link_color":"","ocean_menu_link_color_hover":"","ocean_menu_link_color_active":"","ocean_menu_link_background":"","ocean_menu_link_hover_background":"","ocean_menu_link_active_background":"","ocean_menu_social_links_bg":"","ocean_menu_social_hover_links_bg":"","ocean_menu_social_links_color":"","ocean_menu_social_hover_links_color":"","ocean_disable_title":"on","ocean_disable_heading":"enable","ocean_post_title":"","ocean_post_subheading":"","ocean_post_title_style":"background-image","ocean_post_title_background_color":"","ocean_post_title_background":0,"ocean_post_title_bg_image_position":"","ocean_post_title_bg_image_attachment":"","ocean_post_title_bg_image_repeat":"","ocean_post_title_bg_image_size":"","ocean_post_title_height":0,"ocean_post_title_bg_overlay":0.5,"ocean_post_title_bg_overlay_color":"","ocean_disable_breadcrumbs":"off","ocean_breadcrumbs_color":"","ocean_breadcrumbs_separator_color":"","ocean_breadcrumbs_links_color":"","ocean_breadcrumbs_links_hover_color":"","ocean_display_footer_widgets":"off","ocean_display_footer_bottom":"off","ocean_custom_footer_template":"0"},"product_brand":[],"product_cat":[61,62],"product_tag":[],"class_list":{"0":"post-4430","1":"product","2":"type-product","3":"status-publish","4":"has-post-thumbnail","6":"product_cat-pro-xn","7":"product_cat-twarz-pro-xn","9":"entry","10":"has-media","12":"first","13":"onbackorder","14":"taxable","15":"shipping-taxable","16":"product-type-simple","17":"col","18":"span_1_of_3","19":"owp-content-center","20":"owp-thumbs-layout-horizontal","21":"owp-btn-big","22":"owp-tabs-layout-horizontal","23":"has-no-thumbnails"},"_links":{"self":[{"href":"https:\/\/egoskincare.pl\/sklep\/wp-json\/wp\/v2\/product\/4430","targetHints":{"allow":["GET"]}}],"collection":[{"href":"https:\/\/egoskincare.pl\/sklep\/wp-json\/wp\/v2\/product"}],"about":[{"href":"https:\/\/egoskincare.pl\/sklep\/wp-json\/wp\/v2\/types\/product"}],"replies":[{"embeddable":true,"href":"https:\/\/egoskincare.pl\/sklep\/wp-json\/wp\/v2\/comments?post=4430"}],"wp:featuredmedia":[{"embeddable":true,"href":"https:\/\/egoskincare.pl\/sklep\/wp-json\/wp\/v2\/media\/4431"}],"wp:attachment":[{"href":"https:\/\/egoskincare.pl\/sklep\/wp-json\/wp\/v2\/media?parent=4430"}],"wp:term":[{"taxonomy":"product_brand","embeddable":true,"href":"https:\/\/egoskincare.pl\/sklep\/wp-json\/wp\/v2\/product_brand?post=4430"},{"taxonomy":"product_cat","embeddable":true,"href":"https:\/\/egoskincare.pl\/sklep\/wp-json\/wp\/v2\/product_cat?post=4430"},{"taxonomy":"product_tag","embeddable":true,"href":"https:\/\/egoskincare.pl\/sklep\/wp-json\/wp\/v2\/product_tag?post=4430"}],"curies":[{"name":"wp","href":"https:\/\/api.w.org\/{rel}","templated":true}]}}