{"id":3938,"date":"2022-11-05T00:58:07","date_gmt":"2022-11-05T00:58:07","guid":{"rendered":"https:\/\/egoskincare.pl\/sklep\/?post_type=product&#038;p=3938"},"modified":"2026-02-09T15:00:39","modified_gmt":"2026-02-09T15:00:39","slug":"lf-master-serum-z-laktoferyna","status":"publish","type":"product","link":"https:\/\/egoskincare.pl\/sklep\/produkt\/lf-master-serum-z-laktoferyna\/","title":{"rendered":"PRO XN LF Master &#8211; serum z laktoferyn\u0105"},"content":{"rendered":"<div class=\"elementor-element elementor-element-586ab61 elementor-widget elementor-widget-text-editor\" data-id=\"586ab61\" data-element_type=\"widget\" data-widget_type=\"text-editor.default\">\n<div class=\"elementor-widget-container\">\n<div class=\"elementor-text-editor elementor-clearfix\">\n<p>Specjalistyczne serum wykorzystuj\u0105ce potencja\u0142 laktoferyny jako bia\u0142ka o znanym i udokumentowanym dzia\u0142aniu.<br \/>\nLaktoferyna posiada wielokierunkowe dzia\u0142anie przeciwstarzeniowe, protekcyjne i reguluj\u0105ce. Wp\u0142ywa na stabilizacj\u0119 i przywr\u00f3cenie r\u00f3wnowagi prawid\u0142owego mikrobiomu sk\u00f3ry oraz stymuluje procesy naprawcze. Wzbogacenie formu\u0142y o kondycjonuj\u0105cy kompleks aminokwas\u00f3w i z\u0142oto koloidalne wzmacnia w\u0142a\u015bciwo\u015bci regeneracyjne oraz zwi\u0119ksza zdolno\u015b\u0107 zatrzymywania wody w sk\u00f3rze, stwarzaj\u0105c optymalne warunki do jej prawid\u0142owego funkcjonowania i zachowania zdrowego wygl\u0105du.<\/p>\n<p><strong>LF MASTER<\/strong>\u00a0stanowi doskona\u0142e uzupe\u0142nienie zabieg\u00f3w z zakresu kosmetologii. Po\u0142\u0105czenie laktoferyny i\u00a0<strong>kompleksu Ksantohumolu<\/strong>\u00a0w zabiegach profesjonalnych\u00a0<strong>PRO XN<\/strong> stanowi wzajemne dope\u0142nienie ich dzia\u0142ania poprzez wsparcie r\u00f3\u017cnych mechanizm\u00f3w dermonaprawczych.<\/p>\n<\/div>\n<\/div>\n<\/div>\n<div class=\"elementor-element elementor-element-735e586 elementor-widget elementor-widget-spacer\" data-id=\"735e586\" data-element_type=\"widget\" data-widget_type=\"spacer.default\">\n<div class=\"elementor-widget-container\">\n<div class=\"elementor-spacer\">\n<div class=\"elementor-spacer-inner\"><\/div>\n<\/div>\n<\/div>\n<\/div>\n<div class=\"elementor-element elementor-element-cc7f1fc elementor-widget elementor-widget-jet-headline\" data-id=\"cc7f1fc\" data-element_type=\"widget\" data-widget_type=\"jet-headline.default\">\n<div class=\"elementor-widget-container\">\n<h2 class=\"jet-headline jet-headline--direction-horizontal\"><span class=\"jet-headline__part jet-headline__first\"><span class=\"jet-headline__label\">WSKAZANIA:<\/span><\/span><span class=\"jet-headline__space\">\u00a0<\/span><\/h2>\n<\/div>\n<\/div>\n<div class=\"elementor-element elementor-element-09fb95a elementor-widget elementor-widget-text-editor\" data-id=\"09fb95a\" data-element_type=\"widget\" data-widget_type=\"text-editor.default\">\n<div class=\"elementor-widget-container\">\n<div class=\"elementor-text-editor elementor-clearfix\">\n<p>\u2022 \u0142agodzenie zmian o charakterze tr\u0105dziku pospolitego<\/p>\n<p>\u2022 normalizacja proces\u00f3w regeneracji uszkodzonego nask\u00f3rka<\/p>\n<\/div>\n<\/div>\n<\/div>\n<div class=\"elementor-element elementor-element-b8138bc elementor-widget elementor-widget-spacer\" data-id=\"b8138bc\" data-element_type=\"widget\" data-widget_type=\"spacer.default\">\n<div class=\"elementor-widget-container\">\n<div class=\"elementor-spacer\">\n<div class=\"elementor-spacer-inner\"><\/div>\n<\/div>\n<\/div>\n<\/div>\n<div class=\"elementor-element elementor-element-bf918ef elementor-widget elementor-widget-jet-headline\" data-id=\"bf918ef\" data-element_type=\"widget\" data-widget_type=\"jet-headline.default\">\n<div class=\"elementor-widget-container\">\n<h2 class=\"jet-headline jet-headline--direction-horizontal\"><span class=\"jet-headline__part jet-headline__first\"><span class=\"jet-headline__label\">SK\u0141ADNIKI AKTYWNE:<\/span><\/span><span class=\"jet-headline__space\">\u00a0<\/span><\/h2>\n<\/div>\n<\/div>\n<div class=\"elementor-element elementor-element-21f8824 elementor-widget elementor-widget-text-editor\" data-id=\"21f8824\" data-element_type=\"widget\" data-widget_type=\"text-editor.default\">\n<div class=\"elementor-widget-container\">\n<div class=\"elementor-text-editor elementor-clearfix\">\n<p>Laktoferyna<\/p>\n<p>Kompleks aminokwas\u00f3w<\/p>\n<p>Z\u0142oto koloidalne<\/p>\n<\/div>\n<\/div>\n<\/div>\n","protected":false},"excerpt":{"rendered":"<p>Specjalistyczne serum wykorzystuj\u0105ce potencja\u0142 laktoferyny jako bia\u0142ka o znanym i udokumentowanym dzia\u0142aniu.<br \/>\nLaktoferyna posiada wielokierunkowe dzia\u0142anie przeciwstarzeniowe, protekcyjne i reguluj\u0105ce. Wp\u0142ywa na stabilizacj\u0119 i przywr\u00f3cenie r\u00f3wnowagi prawid\u0142owego mikrobiomu sk\u00f3ry oraz stymuluje procesy naprawcze.<\/p>\n<div class=\"summary entry-summary\">\n<div class=\"woocommerce-product-details__short-description\">\n<p><strong><em>W celu zam\u00f3wienia produktu prosimy o kontakt.<\/em><\/strong><\/p>\n<\/div>\n<\/div>\n","protected":false},"featured_media":3940,"comment_status":"open","ping_status":"closed","template":"","meta":{"ocean_post_layout":"","ocean_both_sidebars_style":"","ocean_both_sidebars_content_width":0,"ocean_both_sidebars_sidebars_width":0,"ocean_sidebar":"0","ocean_second_sidebar":"0","ocean_disable_margins":"enable","ocean_add_body_class":"","ocean_shortcode_before_top_bar":"","ocean_shortcode_after_top_bar":"","ocean_shortcode_before_header":"","ocean_shortcode_after_header":"","ocean_has_shortcode":"","ocean_shortcode_after_title":"","ocean_shortcode_before_footer_widgets":"","ocean_shortcode_after_footer_widgets":"","ocean_shortcode_before_footer_bottom":"","ocean_shortcode_after_footer_bottom":"","ocean_display_top_bar":"default","ocean_display_header":"default","ocean_header_style":"","ocean_center_header_left_menu":"0","ocean_custom_header_template":"0","ocean_custom_logo":0,"ocean_custom_retina_logo":0,"ocean_custom_logo_max_width":0,"ocean_custom_logo_tablet_max_width":0,"ocean_custom_logo_mobile_max_width":0,"ocean_custom_logo_max_height":0,"ocean_custom_logo_tablet_max_height":0,"ocean_custom_logo_mobile_max_height":0,"ocean_header_custom_menu":"0","ocean_menu_typo_font_family":"0","ocean_menu_typo_font_subset":"","ocean_menu_typo_font_size":0,"ocean_menu_typo_font_size_tablet":0,"ocean_menu_typo_font_size_mobile":0,"ocean_menu_typo_font_size_unit":"px","ocean_menu_typo_font_weight":"","ocean_menu_typo_font_weight_tablet":"","ocean_menu_typo_font_weight_mobile":"","ocean_menu_typo_transform":"","ocean_menu_typo_transform_tablet":"","ocean_menu_typo_transform_mobile":"","ocean_menu_typo_line_height":0,"ocean_menu_typo_line_height_tablet":0,"ocean_menu_typo_line_height_mobile":0,"ocean_menu_typo_line_height_unit":"","ocean_menu_typo_spacing":0,"ocean_menu_typo_spacing_tablet":0,"ocean_menu_typo_spacing_mobile":0,"ocean_menu_typo_spacing_unit":"","ocean_menu_link_color":"","ocean_menu_link_color_hover":"","ocean_menu_link_color_active":"","ocean_menu_link_background":"","ocean_menu_link_hover_background":"","ocean_menu_link_active_background":"","ocean_menu_social_links_bg":"","ocean_menu_social_hover_links_bg":"","ocean_menu_social_links_color":"","ocean_menu_social_hover_links_color":"","ocean_disable_title":"default","ocean_disable_heading":"default","ocean_post_title":"","ocean_post_subheading":"","ocean_post_title_style":"","ocean_post_title_background_color":"","ocean_post_title_background":0,"ocean_post_title_bg_image_position":"","ocean_post_title_bg_image_attachment":"","ocean_post_title_bg_image_repeat":"","ocean_post_title_bg_image_size":"","ocean_post_title_height":0,"ocean_post_title_bg_overlay":0.5,"ocean_post_title_bg_overlay_color":"","ocean_disable_breadcrumbs":"default","ocean_breadcrumbs_color":"","ocean_breadcrumbs_separator_color":"","ocean_breadcrumbs_links_color":"","ocean_breadcrumbs_links_hover_color":"","ocean_display_footer_widgets":"default","ocean_display_footer_bottom":"default","ocean_custom_footer_template":"0"},"product_brand":[],"product_cat":[61,62],"product_tag":[],"class_list":{"0":"post-3938","1":"product","2":"type-product","3":"status-publish","4":"has-post-thumbnail","6":"product_cat-pro-xn","7":"product_cat-twarz-pro-xn","9":"entry","10":"has-media","12":"first","13":"onbackorder","14":"taxable","15":"shipping-taxable","16":"product-type-simple","17":"col","18":"span_1_of_3","19":"owp-content-center","20":"owp-thumbs-layout-horizontal","21":"owp-btn-big","22":"owp-tabs-layout-horizontal"},"_links":{"self":[{"href":"https:\/\/egoskincare.pl\/sklep\/wp-json\/wp\/v2\/product\/3938","targetHints":{"allow":["GET"]}}],"collection":[{"href":"https:\/\/egoskincare.pl\/sklep\/wp-json\/wp\/v2\/product"}],"about":[{"href":"https:\/\/egoskincare.pl\/sklep\/wp-json\/wp\/v2\/types\/product"}],"replies":[{"embeddable":true,"href":"https:\/\/egoskincare.pl\/sklep\/wp-json\/wp\/v2\/comments?post=3938"}],"wp:featuredmedia":[{"embeddable":true,"href":"https:\/\/egoskincare.pl\/sklep\/wp-json\/wp\/v2\/media\/3940"}],"wp:attachment":[{"href":"https:\/\/egoskincare.pl\/sklep\/wp-json\/wp\/v2\/media?parent=3938"}],"wp:term":[{"taxonomy":"product_brand","embeddable":true,"href":"https:\/\/egoskincare.pl\/sklep\/wp-json\/wp\/v2\/product_brand?post=3938"},{"taxonomy":"product_cat","embeddable":true,"href":"https:\/\/egoskincare.pl\/sklep\/wp-json\/wp\/v2\/product_cat?post=3938"},{"taxonomy":"product_tag","embeddable":true,"href":"https:\/\/egoskincare.pl\/sklep\/wp-json\/wp\/v2\/product_tag?post=3938"}],"curies":[{"name":"wp","href":"https:\/\/api.w.org\/{rel}","templated":true}]}}