{"id":3927,"date":"2022-11-04T23:10:04","date_gmt":"2022-11-04T23:10:04","guid":{"rendered":"https:\/\/egoskincare.pl\/sklep\/?post_type=product&#038;p=3927"},"modified":"2026-02-09T15:00:46","modified_gmt":"2026-02-09T15:00:46","slug":"balancing-cleansing-gel-delikatny-zel-myjacy","status":"publish","type":"product","link":"https:\/\/egoskincare.pl\/sklep\/produkt\/balancing-cleansing-gel-delikatny-zel-myjacy\/","title":{"rendered":"PRO XN Balancing Cleansing Gel &#8211; delikatny \u017cel myj\u0105cy"},"content":{"rendered":"<div class=\"elementor-element elementor-element-611316c elementor-widget elementor-widget-text-editor\" data-id=\"611316c\" data-element_type=\"widget\" data-widget_type=\"text-editor.default\">\n<div class=\"elementor-widget-container\">\n<div class=\"elementor-text-editor elementor-clearfix\">\n<div class=\"elementor-element elementor-element-52cdf76 elementor-widget elementor-widget-text-editor\" data-id=\"52cdf76\" data-element_type=\"widget\" data-widget_type=\"text-editor.default\">\n<div class=\"elementor-widget-container\">\n<div class=\"elementor-text-editor elementor-clearfix\">\n<p>Delikatny \u017cel myj\u0105cy oparty o kwas azelainowy, kwas laktobionowy oraz Relipidium\u2122. Formu\u0142a usuwa zanieczyszczenia, nadmiar sebum i makija\u017c. Kwas azelainowy i laktobionowy stopniowo usuwaj\u0105 martwe kom\u00f3rki nask\u00f3rka, a kompleks Relipidium\u2122 utrzymuje w\u0142a\u015bciwy mikrobiom sk\u00f3ry oraz zwi\u0119ksza syntez\u0119 lipid\u00f3w aby poprawi\u0107 i utrzyma\u0107 integralno\u015b\u0107 bariery nask\u00f3rkowej. Balancing Cleansing Gel jest szczeg\u00f3lnie rekomendowany dla sk\u00f3r normalnych, mieszanych t\u0142ustych oraz tr\u0105dzikowych.<\/p>\n<p>WSKAZANIA:<\/p>\n<p>\u2022 sk\u00f3ra t\u0142usta, mieszana<\/p>\n<p>\u2022 sk\u00f3ra t\u0142usta ze zmianami o charakterze tr\u0105dziku pospolitego i r\u00f3\u017cowatego<\/p>\n<p>\u2022 sko\u0301ra palacza, niero\u0301wnomierny koloryt<\/p>\n<p>\u2022 sk\u00f3ra z przebarwieniami pozapalnymi, pos\u0142onecznymi, hormonalnymi<\/p>\n<p>SK\u0141ADNIKI AKTYWNE:<\/p>\n<p>\u2022 kwas laktobionowy 1%<\/p>\n<p>\u2022 kwas azelainowy 1%<\/p>\n<p>\u2022 relipidium TM 2%<\/p>\n<p>\u2022 ekstrakt z kory d\u0119bu 3%<\/p>\n<\/div>\n<\/div>\n<\/div>\n<\/div>\n<\/div>\n<\/div>\n","protected":false},"excerpt":{"rendered":"<p><strong>Delikatny \u017cel myj\u0105cy<\/strong> oparty o kwas azelainowy, kwas laktobionowy oraz Relipidium\u2122. Formu\u0142a <strong>usuwa zanieczyszczenia<\/strong>, nadmiar sebum i makija\u017c. Kwas azelainowy i laktobionowy stopniowo usuwaj\u0105 martwe kom\u00f3rki nask\u00f3rka, a kompleks Relipidium\u2122 <strong>utrzymuje w\u0142a\u015bciwy mikrobiom sk\u00f3ry<\/strong> oraz zwi\u0119ksza syntez\u0119 lipid\u00f3w aby poprawi\u0107 i utrzyma\u0107 integralno\u015b\u0107 bariery nask\u00f3rkowej. Balancing Cleansing Gel jest szczeg\u00f3lnie rekomendowany dla sk\u00f3r normalnych, mieszanych t\u0142ustych oraz tr\u0105dzikowych.<\/p>\n<p><em>W celu zam\u00f3wienia produktu prosimy o kontakt.<\/em><\/p>\n","protected":false},"featured_media":3929,"comment_status":"open","ping_status":"closed","template":"","meta":{"ocean_post_layout":"","ocean_both_sidebars_style":"","ocean_both_sidebars_content_width":0,"ocean_both_sidebars_sidebars_width":0,"ocean_sidebar":"0","ocean_second_sidebar":"0","ocean_disable_margins":"enable","ocean_add_body_class":"","ocean_shortcode_before_top_bar":"","ocean_shortcode_after_top_bar":"","ocean_shortcode_before_header":"","ocean_shortcode_after_header":"","ocean_has_shortcode":"","ocean_shortcode_after_title":"","ocean_shortcode_before_footer_widgets":"","ocean_shortcode_after_footer_widgets":"","ocean_shortcode_before_footer_bottom":"","ocean_shortcode_after_footer_bottom":"","ocean_display_top_bar":"default","ocean_display_header":"default","ocean_header_style":"","ocean_center_header_left_menu":"0","ocean_custom_header_template":"0","ocean_custom_logo":0,"ocean_custom_retina_logo":0,"ocean_custom_logo_max_width":0,"ocean_custom_logo_tablet_max_width":0,"ocean_custom_logo_mobile_max_width":0,"ocean_custom_logo_max_height":0,"ocean_custom_logo_tablet_max_height":0,"ocean_custom_logo_mobile_max_height":0,"ocean_header_custom_menu":"0","ocean_menu_typo_font_family":"0","ocean_menu_typo_font_subset":"","ocean_menu_typo_font_size":0,"ocean_menu_typo_font_size_tablet":0,"ocean_menu_typo_font_size_mobile":0,"ocean_menu_typo_font_size_unit":"px","ocean_menu_typo_font_weight":"","ocean_menu_typo_font_weight_tablet":"","ocean_menu_typo_font_weight_mobile":"","ocean_menu_typo_transform":"","ocean_menu_typo_transform_tablet":"","ocean_menu_typo_transform_mobile":"","ocean_menu_typo_line_height":0,"ocean_menu_typo_line_height_tablet":0,"ocean_menu_typo_line_height_mobile":0,"ocean_menu_typo_line_height_unit":"","ocean_menu_typo_spacing":0,"ocean_menu_typo_spacing_tablet":0,"ocean_menu_typo_spacing_mobile":0,"ocean_menu_typo_spacing_unit":"","ocean_menu_link_color":"","ocean_menu_link_color_hover":"","ocean_menu_link_color_active":"","ocean_menu_link_background":"","ocean_menu_link_hover_background":"","ocean_menu_link_active_background":"","ocean_menu_social_links_bg":"","ocean_menu_social_hover_links_bg":"","ocean_menu_social_links_color":"","ocean_menu_social_hover_links_color":"","ocean_disable_title":"default","ocean_disable_heading":"default","ocean_post_title":"","ocean_post_subheading":"","ocean_post_title_style":"","ocean_post_title_background_color":"","ocean_post_title_background":0,"ocean_post_title_bg_image_position":"","ocean_post_title_bg_image_attachment":"","ocean_post_title_bg_image_repeat":"","ocean_post_title_bg_image_size":"","ocean_post_title_height":0,"ocean_post_title_bg_overlay":0.5,"ocean_post_title_bg_overlay_color":"","ocean_disable_breadcrumbs":"default","ocean_breadcrumbs_color":"","ocean_breadcrumbs_separator_color":"","ocean_breadcrumbs_links_color":"","ocean_breadcrumbs_links_hover_color":"","ocean_display_footer_widgets":"default","ocean_display_footer_bottom":"default","ocean_custom_footer_template":"0"},"product_brand":[],"product_cat":[61,62],"product_tag":[],"class_list":{"0":"post-3927","1":"product","2":"type-product","3":"status-publish","4":"has-post-thumbnail","6":"product_cat-pro-xn","7":"product_cat-twarz-pro-xn","9":"entry","10":"has-media","12":"first","13":"onbackorder","14":"taxable","15":"shipping-taxable","16":"product-type-simple","17":"col","18":"span_1_of_3","19":"owp-content-center","20":"owp-thumbs-layout-horizontal","21":"owp-btn-big","22":"owp-tabs-layout-horizontal"},"_links":{"self":[{"href":"https:\/\/egoskincare.pl\/sklep\/wp-json\/wp\/v2\/product\/3927","targetHints":{"allow":["GET"]}}],"collection":[{"href":"https:\/\/egoskincare.pl\/sklep\/wp-json\/wp\/v2\/product"}],"about":[{"href":"https:\/\/egoskincare.pl\/sklep\/wp-json\/wp\/v2\/types\/product"}],"replies":[{"embeddable":true,"href":"https:\/\/egoskincare.pl\/sklep\/wp-json\/wp\/v2\/comments?post=3927"}],"wp:featuredmedia":[{"embeddable":true,"href":"https:\/\/egoskincare.pl\/sklep\/wp-json\/wp\/v2\/media\/3929"}],"wp:attachment":[{"href":"https:\/\/egoskincare.pl\/sklep\/wp-json\/wp\/v2\/media?parent=3927"}],"wp:term":[{"taxonomy":"product_brand","embeddable":true,"href":"https:\/\/egoskincare.pl\/sklep\/wp-json\/wp\/v2\/product_brand?post=3927"},{"taxonomy":"product_cat","embeddable":true,"href":"https:\/\/egoskincare.pl\/sklep\/wp-json\/wp\/v2\/product_cat?post=3927"},{"taxonomy":"product_tag","embeddable":true,"href":"https:\/\/egoskincare.pl\/sklep\/wp-json\/wp\/v2\/product_tag?post=3927"}],"curies":[{"name":"wp","href":"https:\/\/api.w.org\/{rel}","templated":true}]}}