{"id":3689,"date":"2022-03-15T11:40:40","date_gmt":"2022-03-15T11:40:40","guid":{"rendered":"https:\/\/egoskincare.pl\/sklep\/?post_type=product&#038;p=3689"},"modified":"2024-01-24T13:23:48","modified_gmt":"2024-01-24T13:23:48","slug":"fillift-serum-dzien-i-noc-double-lift","status":"publish","type":"product","link":"https:\/\/egoskincare.pl\/sklep\/produkt\/fillift-serum-dzien-i-noc-double-lift\/","title":{"rendered":"FILLIFT Serum dzie\u0144 i noc Double Lift"},"content":{"rendered":"<p><strong>FILLIFT Double Lift Serum dzien\u0301 i noc\u00a0<\/strong>&#8211; \u00a0Double Lift serum: DAY smoothing plumping serum, NIGHT smoothing renewing serum (PF05281)\u00a0&#8211; 2 x 30 ml<\/p>\n<p>Dwa ultra-skoncentrowane serum zapewniaj\u0105ce 24-godzinn\u0105 skuteczno\u015b\u0107 przeciwstarzeniow\u0105.<\/p>\n<p>&nbsp;<\/p>\n<ul>\n<li><strong>Wyg\u0142adzaj\u0105ce serum wype\u0142niaj\u0105ce na dzie\u0144<\/strong>Serum przywraca obje\u0328tos\u0301c\u0301 i wype\u0142nienie twarzy, redukuje g\u0142e\u0328bokos\u0301c\u0301 zmarszczek. Jest idealnym rozwia\u0328zaniem r\u00f3wniez\u0307 dla zmarszczek mimicznych.<strong>Zawiera:<\/strong>\u00a0COLLALIFT-18<sup>TM<\/sup>\u00a0,kwas hialuronowy, Heksapeptyd-1, peptydy Dermaplex, trehaloz\u0119.\n<p><strong>Stosowanie:<\/strong>\u00a0aplikujemy codziennie rano na oczyszczon\u0105 sk\u00f3r\u0119.<\/li>\n<\/ul>\n<p>&nbsp;<\/p>\n<ul>\n<li><strong>Wyg\u0142adzaj\u0105ce serum odnawiaj\u0105ce na noc<\/strong>Multi-udoskonalaja\u0328ce, przeciwstarzeniowe serum z\u0142uszczaja\u0328ce, kt\u00f3re usuwa stopniowo martwe kom\u00f3rki i wyg\u0142adza sk\u00f3r\u0119.<strong>Zawiera:<\/strong>\u00a0COLLALIFT-18<sup>TM<\/sup>\u00a0, peptydy Dermaplex, polinukleotydy DNA, kwas salicylowy, niacynamid, ceramidy.\n<p><strong>Stosowanie:<\/strong>\u00a0aplikujemy codziennie wieczorem na oczyszczon\u0105 sk\u00f3r\u0119.<\/li>\n<\/ul>\n<p>&nbsp;<\/p>\n<p><strong><span class=\"s2\">Sk\u0142ad INCI:<\/span>\u00a0\u00a0<\/strong><\/p>\n<p>DAY SERUM INGREDIENTS\/COCTAB: AQUA (WATER), PROPANEDIOL, GLYCERIN, DIMETHICONE, KHAYA SENEGALENSIS BARK EXTRACT, SODIUM HYALURONATE, SODIUM HYALURONATE CROSSPOLYMER, HYDROLYZED GLYCOSAMINOGLYCANS, TREHALOSE, MANNITOL, ACETYL HEXAPEPTIDE-1, ACETYL TETRAPEPTIDE-9, ACETYL TETRAPEPTIDE-11, AMMONIUM ACRYLOYLDIMETHYLTAURATE\/VP COPOLYMER, XANTHAN GUM, CAPRYLYL GLYCOL, 1,2-HEXANEDIOL, BUTYLENE GLYCOL, PENTYLENE GLYCOL, SODIUM GLUCONATE, GLYCINE, ARGININE, ASPARTIC ACID, PHENYLALANINE, PROLINE, VALINE, THREONINE, SERINE, ALANINE, HISTIDINE, TYROSINE, GLUTAMIC ACID, LEUCINE, LYSINE, ISOLEUCINE, MALTODEXTRIN, PARFUM (FRAGRANCE), SODIUM HYDROXIDE, DISODIUM EDTA, CARBOMER, DIMETHICONE\/VINYL DIMETHICONE CROSSPOLYMER, AMODIMETHICONE, MICA, CI 77491 (IRON OXIDES), CI 77891 (TITANIUM DIOXIDE), ALPHA-ISOMETHYL IONONE, GERANIOL, LIMONENE.<\/p>\n<p>NIGHT SERUM INGREDIENTS\/COCTAB: AQUA (WATER), DIETHYLHEXYL CARBONATE, PROPANEDIOL, SALICYLIC ACID, CREATINE, CETEARYL ALCOHOL, BETAINE, KHAYA SENEGALENSIS BARK EXTRACT, NIACINAMIDE, HYDROLYZED GLYCOSAMINOGLYCANS, TOCOPHERYL ACETATE, POLYDEXTROSE, DEXTRIN, AMYLOPECTIN, GLYCERIN, MANNITOL, BATYL ALCOHOL, XANTHAN GUM, AMMONIUM ACRYLOYL DIMETHYLTAURATE\/CARBOXYETHYL ACRYLATE CROSSPOLYMER, SORBITOL, ACETYL TETRAPEPTIDE-9, CERAMIDE AP, CERAMIDE EOP, CERAMIDE NP, LECITHIN, DNA, TYROSINE, THREONINE, GLYCINE, ASPARTIC ACID, HISTIDINE, LEUCINE, LYSINE, VALINE, ISOLEUCINE, SERINE, GLUTAMIC ACID, ALANINE, ARGININE, PROLINE, PHENYLALANINE, TOCOPHEROL, MALTODEXTRIN, PHYTOSPHINGOSINE, CAPRYLYL GLYCOL, 1,2-HEXANEDIOL, ACETYL TETRAPEPTIDE-11, PARFUM (FRAGRANCE), BUTYLENE GLYCOL, SODIUM CETEARYL SULFATE, SODIUM ASCORBYL PHOSPHATE, CAPRYLIC\/CAPRIC TRIGLYCERIDE, GLYCERYL CAPRYLATE, GLYCERYL LINOLEATE, GLYCERYL LINOLENATE, UBIQUINONE, THIOCTIC ACID, CHOLESTEROL, SODIUM LAUROYL LACTYLATE, SODIUM GLUCONATE, ASCORBYL PALMITATE, CARBOMER, ETHYLHEXYLGLYCERIN, CITRIC ACID, RETINYL PALMITATE, DISODIUM EDTA, DIMETHICONE, ALPHA-ISOMETHYL IONONE, GERANIOL, LIMONENE, HYDROXYCITRONELLAL, CITRONELLOL.<\/p>\n","protected":false},"excerpt":{"rendered":"<p><strong>FILLIFT Double Lift Serum dzien\u0301 i noc\u00a0<\/strong>&#8211; \u00a0Double Lift serum: DAY smoothing plumping serum, NIGHT smoothing renewing serum (PF05281)\u00a0&#8211; 2 x 30 ml<\/p>\n<p>Dwa ultra-skoncentrowane serum zapewniaj\u0105ce 24-godzinn\u0105 skuteczno\u015b\u0107 przeciwstarzeniow\u0105.<\/p>\n","protected":false},"featured_media":3691,"comment_status":"open","ping_status":"closed","template":"","meta":{"ocean_post_layout":"","ocean_both_sidebars_style":"","ocean_both_sidebars_content_width":0,"ocean_both_sidebars_sidebars_width":0,"ocean_sidebar":"0","ocean_second_sidebar":"0","ocean_disable_margins":"enable","ocean_add_body_class":"","ocean_shortcode_before_top_bar":"","ocean_shortcode_after_top_bar":"","ocean_shortcode_before_header":"","ocean_shortcode_after_header":"","ocean_has_shortcode":"","ocean_shortcode_after_title":"","ocean_shortcode_before_footer_widgets":"","ocean_shortcode_after_footer_widgets":"","ocean_shortcode_before_footer_bottom":"","ocean_shortcode_after_footer_bottom":"","ocean_display_top_bar":"default","ocean_display_header":"default","ocean_header_style":"","ocean_center_header_left_menu":"0","ocean_custom_header_template":"0","ocean_custom_logo":0,"ocean_custom_retina_logo":0,"ocean_custom_logo_max_width":0,"ocean_custom_logo_tablet_max_width":0,"ocean_custom_logo_mobile_max_width":0,"ocean_custom_logo_max_height":0,"ocean_custom_logo_tablet_max_height":0,"ocean_custom_logo_mobile_max_height":0,"ocean_header_custom_menu":"0","ocean_menu_typo_font_family":"0","ocean_menu_typo_font_subset":"","ocean_menu_typo_font_size":0,"ocean_menu_typo_font_size_tablet":0,"ocean_menu_typo_font_size_mobile":0,"ocean_menu_typo_font_size_unit":"px","ocean_menu_typo_font_weight":"","ocean_menu_typo_font_weight_tablet":"","ocean_menu_typo_font_weight_mobile":"","ocean_menu_typo_transform":"","ocean_menu_typo_transform_tablet":"","ocean_menu_typo_transform_mobile":"","ocean_menu_typo_line_height":0,"ocean_menu_typo_line_height_tablet":0,"ocean_menu_typo_line_height_mobile":0,"ocean_menu_typo_line_height_unit":"","ocean_menu_typo_spacing":0,"ocean_menu_typo_spacing_tablet":0,"ocean_menu_typo_spacing_mobile":0,"ocean_menu_typo_spacing_unit":"","ocean_menu_link_color":"","ocean_menu_link_color_hover":"","ocean_menu_link_color_active":"","ocean_menu_link_background":"","ocean_menu_link_hover_background":"","ocean_menu_link_active_background":"","ocean_menu_social_links_bg":"","ocean_menu_social_hover_links_bg":"","ocean_menu_social_links_color":"","ocean_menu_social_hover_links_color":"","ocean_disable_title":"default","ocean_disable_heading":"default","ocean_post_title":"","ocean_post_subheading":"","ocean_post_title_style":"","ocean_post_title_background_color":"","ocean_post_title_background":0,"ocean_post_title_bg_image_position":"","ocean_post_title_bg_image_attachment":"","ocean_post_title_bg_image_repeat":"","ocean_post_title_bg_image_size":"","ocean_post_title_height":0,"ocean_post_title_bg_overlay":0.5,"ocean_post_title_bg_overlay_color":"","ocean_disable_breadcrumbs":"default","ocean_breadcrumbs_color":"","ocean_breadcrumbs_separator_color":"","ocean_breadcrumbs_links_color":"","ocean_breadcrumbs_links_hover_color":"","ocean_display_footer_widgets":"default","ocean_display_footer_bottom":"default","ocean_custom_footer_template":"0"},"product_brand":[],"product_cat":[67],"product_tag":[],"class_list":{"0":"post-3689","1":"product","2":"type-product","3":"status-publish","4":"has-post-thumbnail","6":"product_cat-fillift","8":"entry","9":"has-media","11":"first","12":"instock","13":"taxable","14":"shipping-taxable","15":"purchasable","16":"product-type-simple","17":"col","18":"span_1_of_3","19":"owp-content-center","20":"owp-thumbs-layout-horizontal","21":"owp-btn-big","22":"owp-tabs-layout-horizontal"},"_links":{"self":[{"href":"https:\/\/egoskincare.pl\/sklep\/wp-json\/wp\/v2\/product\/3689","targetHints":{"allow":["GET"]}}],"collection":[{"href":"https:\/\/egoskincare.pl\/sklep\/wp-json\/wp\/v2\/product"}],"about":[{"href":"https:\/\/egoskincare.pl\/sklep\/wp-json\/wp\/v2\/types\/product"}],"replies":[{"embeddable":true,"href":"https:\/\/egoskincare.pl\/sklep\/wp-json\/wp\/v2\/comments?post=3689"}],"wp:featuredmedia":[{"embeddable":true,"href":"https:\/\/egoskincare.pl\/sklep\/wp-json\/wp\/v2\/media\/3691"}],"wp:attachment":[{"href":"https:\/\/egoskincare.pl\/sklep\/wp-json\/wp\/v2\/media?parent=3689"}],"wp:term":[{"taxonomy":"product_brand","embeddable":true,"href":"https:\/\/egoskincare.pl\/sklep\/wp-json\/wp\/v2\/product_brand?post=3689"},{"taxonomy":"product_cat","embeddable":true,"href":"https:\/\/egoskincare.pl\/sklep\/wp-json\/wp\/v2\/product_cat?post=3689"},{"taxonomy":"product_tag","embeddable":true,"href":"https:\/\/egoskincare.pl\/sklep\/wp-json\/wp\/v2\/product_tag?post=3689"}],"curies":[{"name":"wp","href":"https:\/\/api.w.org\/{rel}","templated":true}]}}