{"id":1885,"date":"2020-11-07T09:54:43","date_gmt":"2020-11-07T09:54:43","guid":{"rendered":"https:\/\/egoskincare.pl\/sklep\/?post_type=product&#038;p=1885"},"modified":"2026-02-09T14:56:32","modified_gmt":"2026-02-09T14:56:32","slug":"regenerujacy-olejek-myjacy","status":"publish","type":"product","link":"https:\/\/egoskincare.pl\/sklep\/produkt\/regenerujacy-olejek-myjacy\/","title":{"rendered":"PRO XN Recovery Cleansing Oil &#8211; regeneruj\u0105cy olejek myj\u0105cy"},"content":{"rendered":"<p><strong>RECOVERY CLEANSING OIL\u00a0<\/strong><\/p>\n<p><strong>Ma za zadanie minimalizowa\u0107 uszkodzenia lipid\u00f3w podczas oczyszczania oraz wspomaga\u0107 procesy regeneracyjne i ochronne.<\/strong><br \/>\nFormulacja oparta o lekkie mas\u0142o shea bogate w kwas stearynowy, kt\u00f3rego rol\u0105 jest minimalizowanie uszkodzenia lipid\u00f3w i uzupe\u0142nienie warstwy rogowej w kwasy t\u0142uszczowe. Dodatkowo zawarty w produkcie skwalan zapewnia w\u0142a\u015bciwo\u015bci zmi\u0119kczaj\u0105ce i okluzyjne zapewniaj\u0105c zmniejszenie utraty wody tym samym ochrania barier\u0119 nask\u00f3rkow\u0105 i zapobiega jej uszkodzeniom.<br \/>\n<strong>RECOVERY CLEANSING OIL<\/strong>\u00a0zawiera<strong>\u00a0kompleks Ksantohumolu<\/strong>, kt\u00f3ry wspomaga ochron\u0119 antyoksydacyjn\u0105 kom\u00f3rek nask\u00f3rka oraz \u0142agodzi objawy zapalenia.<\/p>\n<div class=\"elementor-element eMinimalizacja uszkodzenia lipid\u00f3w i uzupe\u0142nienie kwas\u00f3w t\u0142uszczowych w warstwie rogowej sk\u00f3ry RECOVERY CLEANSING OIL ma za zadanie minimalizowa\u0107 uszkodzenia lipid\u00f3w podczas oczyszczania oraz wspomaga\u0107 procesy regeneracyjne i ochronne. Formulacja oparta o lekkie mas\u0142o shea bogate w kwas stearynowy, kt\u00f3rego rol\u0105 jest minimalizowanie uszkodzenia lipid\u00f3w i uzupe\u0142nienie warstwy rogowej w kwasy t\u0142uszczowe.ementor-element-699b6e6 elementor-widget elementor-widget-jet-headline\" data-id=\"699b6e6\" data-element_type=\"widget\" data-widget_type=\"jet-headline.default\">\n<div class=\"elementor-widget-container\">\n<h2 class=\"jet-headline jet-headline--direction-horizontal\"><span class=\"jet-headline__part jet-headline__first\"><span class=\"jet-headline__label\">WSKAZANIA:<\/span><\/span><span class=\"jet-headline__space\">\u00a0<\/span><\/h2>\n<\/div>\n<\/div>\n<div class=\"elementor-element elementor-element-5917739 elementor-widget elementor-widget-text-editor\" data-id=\"5917739\" data-element_type=\"widget\" data-widget_type=\"text-editor.default\">\n<div class=\"elementor-widget-container\">\n<div class=\"elementor-text-editor elementor-clearfix\">\n<p>\u2022 sk\u00f3ra wra\u017cliwa, nadreaktywna,<\/p>\n<p>\u2022 sk\u00f3ra sucha, atopowa,<\/p>\n<p>\u2022 sk\u00f3ra naczyniowa z objawami o charakterze tr\u0105dziku r\u00f3\u017cowatego,<\/p>\n<p>\u2022 sk\u00f3ra t\u0142usta o symptomach odwodnienia.<\/p>\n<\/div>\n<\/div>\n<\/div>\n<div class=\"elementor-element elementor-element-1838940 elementor-widget elementor-widget-spacer\" data-id=\"1838940\" data-element_type=\"widget\" data-widget_type=\"spacer.default\">\n<div class=\"elementor-widget-container\">\n<div class=\"elementor-spacer\">\n<div class=\"elementor-spacer-inner\"><\/div>\n<\/div>\n<\/div>\n<\/div>\n<div class=\"elementor-element elementor-element-c6872e7 elementor-widget elementor-widget-jet-headline\" data-id=\"c6872e7\" data-element_type=\"widget\" data-widget_type=\"jet-headline.default\">\n<div class=\"elementor-widget-container\">\n<h2 class=\"jet-headline jet-headline--direction-horizontal\"><span class=\"jet-headline__part jet-headline__first\"><span class=\"jet-headline__label\">SK\u0141ADNIKI AKTYWNE:<\/span><\/span><span class=\"jet-headline__space\">\u00a0<\/span><\/h2>\n<\/div>\n<\/div>\n<div class=\"elementor-element elementor-element-af69a0b elementor-widget elementor-widget-text-editor\" data-id=\"af69a0b\" data-element_type=\"widget\" data-widget_type=\"text-editor.default\">\n<div class=\"elementor-widget-container\">\n<div class=\"elementor-text-editor elementor-clearfix\">\n<p>Kompleks Ksantohumolu,<\/p>\n<p>Ester mas\u0142a shea,<\/p>\n<p>Kwas palmitynowy, stearynowy, oleinowy,<\/p>\n<p>Skwalan<\/p>\n<\/div>\n<\/div>\n<\/div>\n","protected":false},"excerpt":{"rendered":"<p><strong>RECOVERY CLEANSING OIL<\/strong><\/p>\n<p class=\"p1\">To regeneruj\u0105cy olejek myj\u0105cy oparty o Kompleks Ksantohumolu i lekkie oleje pochodzenia ro\u015blinnego. Formu\u0142a usuwa zanieczyszczenia i regeneruje sk\u00f3r\u0119 stanowi\u0105c pierwszy krok piel\u0119gnacji. Usuwa nawet trudny do zmycia makija\u017c, bez naruszania bariery hydro-lipidowej.<\/p>\n<p><em><strong>W celu zam\u00f3wienia produktu prosimy o kontakt.<\/strong><\/em><\/p>\n","protected":false},"featured_media":1886,"comment_status":"open","ping_status":"closed","template":"","meta":{"ocean_post_layout":"","ocean_both_sidebars_style":"","ocean_both_sidebars_content_width":0,"ocean_both_sidebars_sidebars_width":0,"ocean_sidebar":"0","ocean_second_sidebar":"0","ocean_disable_margins":"enable","ocean_add_body_class":"","ocean_shortcode_before_top_bar":"","ocean_shortcode_after_top_bar":"","ocean_shortcode_before_header":"","ocean_shortcode_after_header":"","ocean_has_shortcode":"","ocean_shortcode_after_title":"","ocean_shortcode_before_footer_widgets":"","ocean_shortcode_after_footer_widgets":"","ocean_shortcode_before_footer_bottom":"","ocean_shortcode_after_footer_bottom":"","ocean_display_top_bar":"default","ocean_display_header":"default","ocean_header_style":"","ocean_center_header_left_menu":"0","ocean_custom_header_template":"0","ocean_custom_logo":0,"ocean_custom_retina_logo":0,"ocean_custom_logo_max_width":0,"ocean_custom_logo_tablet_max_width":0,"ocean_custom_logo_mobile_max_width":0,"ocean_custom_logo_max_height":0,"ocean_custom_logo_tablet_max_height":0,"ocean_custom_logo_mobile_max_height":0,"ocean_header_custom_menu":"0","ocean_menu_typo_font_family":"0","ocean_menu_typo_font_subset":"","ocean_menu_typo_font_size":0,"ocean_menu_typo_font_size_tablet":0,"ocean_menu_typo_font_size_mobile":0,"ocean_menu_typo_font_size_unit":"px","ocean_menu_typo_font_weight":"","ocean_menu_typo_font_weight_tablet":"","ocean_menu_typo_font_weight_mobile":"","ocean_menu_typo_transform":"","ocean_menu_typo_transform_tablet":"","ocean_menu_typo_transform_mobile":"","ocean_menu_typo_line_height":0,"ocean_menu_typo_line_height_tablet":0,"ocean_menu_typo_line_height_mobile":0,"ocean_menu_typo_line_height_unit":"","ocean_menu_typo_spacing":0,"ocean_menu_typo_spacing_tablet":0,"ocean_menu_typo_spacing_mobile":0,"ocean_menu_typo_spacing_unit":"","ocean_menu_link_color":"","ocean_menu_link_color_hover":"","ocean_menu_link_color_active":"","ocean_menu_link_background":"","ocean_menu_link_hover_background":"","ocean_menu_link_active_background":"","ocean_menu_social_links_bg":"","ocean_menu_social_hover_links_bg":"","ocean_menu_social_links_color":"","ocean_menu_social_hover_links_color":"","ocean_disable_title":"on","ocean_disable_heading":"enable","ocean_post_title":"","ocean_post_subheading":"","ocean_post_title_style":"background-image","ocean_post_title_background_color":"","ocean_post_title_background":0,"ocean_post_title_bg_image_position":"","ocean_post_title_bg_image_attachment":"","ocean_post_title_bg_image_repeat":"","ocean_post_title_bg_image_size":"","ocean_post_title_height":0,"ocean_post_title_bg_overlay":0.5,"ocean_post_title_bg_overlay_color":"","ocean_disable_breadcrumbs":"off","ocean_breadcrumbs_color":"","ocean_breadcrumbs_separator_color":"","ocean_breadcrumbs_links_color":"","ocean_breadcrumbs_links_hover_color":"","ocean_display_footer_widgets":"off","ocean_display_footer_bottom":"off","ocean_custom_footer_template":"0"},"product_brand":[],"product_cat":[61,62],"product_tag":[],"class_list":{"0":"post-1885","1":"product","2":"type-product","3":"status-publish","4":"has-post-thumbnail","6":"product_cat-pro-xn","7":"product_cat-twarz-pro-xn","9":"entry","10":"has-media","12":"first","13":"onbackorder","14":"taxable","15":"shipping-taxable","16":"product-type-simple","17":"col","18":"span_1_of_3","19":"owp-content-center","20":"owp-thumbs-layout-horizontal","21":"owp-btn-big","22":"owp-tabs-layout-horizontal","23":"has-no-thumbnails"},"_links":{"self":[{"href":"https:\/\/egoskincare.pl\/sklep\/wp-json\/wp\/v2\/product\/1885","targetHints":{"allow":["GET"]}}],"collection":[{"href":"https:\/\/egoskincare.pl\/sklep\/wp-json\/wp\/v2\/product"}],"about":[{"href":"https:\/\/egoskincare.pl\/sklep\/wp-json\/wp\/v2\/types\/product"}],"replies":[{"embeddable":true,"href":"https:\/\/egoskincare.pl\/sklep\/wp-json\/wp\/v2\/comments?post=1885"}],"wp:featuredmedia":[{"embeddable":true,"href":"https:\/\/egoskincare.pl\/sklep\/wp-json\/wp\/v2\/media\/1886"}],"wp:attachment":[{"href":"https:\/\/egoskincare.pl\/sklep\/wp-json\/wp\/v2\/media?parent=1885"}],"wp:term":[{"taxonomy":"product_brand","embeddable":true,"href":"https:\/\/egoskincare.pl\/sklep\/wp-json\/wp\/v2\/product_brand?post=1885"},{"taxonomy":"product_cat","embeddable":true,"href":"https:\/\/egoskincare.pl\/sklep\/wp-json\/wp\/v2\/product_cat?post=1885"},{"taxonomy":"product_tag","embeddable":true,"href":"https:\/\/egoskincare.pl\/sklep\/wp-json\/wp\/v2\/product_tag?post=1885"}],"curies":[{"name":"wp","href":"https:\/\/api.w.org\/{rel}","templated":true}]}}