{"id":1882,"date":"2020-11-07T09:51:59","date_gmt":"2020-11-07T09:51:59","guid":{"rendered":"https:\/\/egoskincare.pl\/sklep\/?post_type=product&#038;p=1882"},"modified":"2026-02-09T15:01:10","modified_gmt":"2026-02-09T15:01:10","slug":"mgielka-prime-mist","status":"publish","type":"product","link":"https:\/\/egoskincare.pl\/sklep\/produkt\/mgielka-prime-mist\/","title":{"rendered":"PRO XN Mgie\u0142ka\u00a0Prime Mist"},"content":{"rendered":"<div class=\"elementor-element elementor-element-ba90e17 elementor-widget elementor-widget-text-editor\" data-id=\"ba90e17\" data-element_type=\"widget\" data-widget_type=\"text-editor.default\">\n<div class=\"elementor-widget-container\">\n<div class=\"elementor-text-editor elementor-clearfix\">\n<div class=\"elementor-element elementor-element-52cdf76 elementor-widget elementor-widget-text-editor\" data-id=\"52cdf76\" data-element_type=\"widget\" data-widget_type=\"text-editor.default\">\n<div class=\"elementor-widget-container\">\n<div class=\"elementor-text-editor elementor-clearfix\">\n<p><strong>PRIME MIST<\/strong>\u00a0stanowi drugi, nieodzowny element oczyszczania sk\u00f3ry reguluj\u0105cy funkcjonowanie bariery sk\u00f3rnej.<br \/>\nRegeneracja bariery sk\u00f3rnej oraz odpowied\u017a przeciwdrobnoustrojowa jest bezpo\u015brednio zwi\u0105zana z kwa\u015bnym charakterem pH powierzchni sk\u00f3ry.<br \/>\nSchorzenia zapalne sk\u00f3ry, sucho\u015b\u0107, przy\u015bpieszone starzenie i \u015bwi\u0105d wykazuj\u0105 podwy\u017cszone pH sk\u00f3ry. Te schorzenia i warunki mo\u017cna znacznie poprawi\u0107 poprzez miejscowe stosowanie zakwaszaj\u0105cej mgie\u0142ki\u00a0<strong>PRIME MIST<\/strong>.<br \/>\nFormulacja mgie\u0142ki\u00a0<strong>PRIME MIST<\/strong> oparta jest o dwa poligydroksykwasy: kwas laktobionowy i glukonolakton, kt\u00f3re posiadaj\u0105 bardzo du\u017ce zdolno\u015bci poch\u0142aniania wilgoci z otoczenia tym samym silnie nawil\u017caj\u0105c sk\u00f3r\u0119. Kwasy PHA stosowane miejscowo wzmacniaj\u0105 czynno\u015b\u0107 bariery nask\u00f3rkowej oraz wspomagaj\u0105 proces odnowy kom\u00f3rkowej. Dodatkowo mgie\u0142ka wzbogacona o niacynamid, kt\u00f3ry wykazuje w\u0142a\u015bciwo\u015bci \u0142agodz\u0105ce i seboreguluj\u0105ce.<\/p>\n<\/div>\n<\/div>\n<\/div>\n<\/div>\n<\/div>\n<\/div>\n<div class=\"elementor-element elementor-element-8d04553 elementor-widget elementor-widget-spacer\" data-id=\"8d04553\" data-element_type=\"widget\" data-widget_type=\"spacer.default\">\n<div class=\"elementor-widget-container\">\n<div class=\"elementor-spacer\">\n<div class=\"elementor-spacer-inner\"><\/div>\n<\/div>\n<\/div>\n<\/div>\n<div class=\"elementor-element elementor-element-39043b0 elementor-widget elementor-widget-jet-headline\" data-id=\"39043b0\" data-element_type=\"widget\" data-widget_type=\"jet-headline.default\">\n<div class=\"elementor-widget-container\">\n<h2 class=\"jet-headline jet-headline--direction-horizontal\"><span class=\"jet-headline__part jet-headline__first\"><span class=\"jet-headline__label\">WSKAZANIA:<\/span><\/span><span class=\"jet-headline__space\">\u00a0<\/span><\/h2>\n<\/div>\n<\/div>\n<div class=\"elementor-element elementor-element-422e9a7 elementor-widget elementor-widget-text-editor\" data-id=\"422e9a7\" data-element_type=\"widget\" data-widget_type=\"text-editor.default\">\n<div class=\"elementor-widget-container\">\n<div class=\"elementor-text-editor elementor-clearfix\">\n<p>\u2022 sk\u00f3ra wra\u017cliwa, nadreaktywna,<\/p>\n<p>\u2022 sk\u00f3ra sucha, atopowa,<\/p>\n<p>\u2022 sk\u00f3ra naczyniowa z objawami o charakterze tr\u0105dziku r\u00f3\u017cowatego,<\/p>\n<p>\u2022 sk\u00f3ra t\u0142usta o symptomach odwodnienia.<\/p>\n<\/div>\n<\/div>\n<\/div>\n","protected":false},"excerpt":{"rendered":"<p class=\"p1\">Mgie\u0142ka\u00a0<b>PRIME MIST<\/b>\u00a0przygotowuje sk\u00f3r\u0119 do dalszych etap\u00f3w piel\u0119gnacji. Dzia\u0142anie oparte jest o polihydroksykwasy takie jak kwas laktobionowy i glukonolakton, kt\u00f3re stosowane miejscowo wzmacniaj\u0105 czynno\u015b\u0107 bariery nask\u00f3rkowej oraz wspomagaj\u0105 proces odnowy kom\u00f3rkowej. Mgie\u0142ka powoduje z\u0142uszczanie kom\u00f3rek warstwy rogowej oraz usuwa warstw\u0119 krystalizacyjn\u0105. Formu\u0142a dodatkowo wzbogacona o niacynamid, kt\u00f3ry dzia\u0142a seboreguluj\u0105co oraz chroni g\u0142\u0119bsze warstwy sk\u00f3ry przed utart\u0105 wody.<\/p>\n<p>W celu zam\u00f3wienia produktu prosimy o kontakt.<\/p>\n","protected":false},"featured_media":1884,"comment_status":"open","ping_status":"closed","template":"","meta":{"ocean_post_layout":"","ocean_both_sidebars_style":"","ocean_both_sidebars_content_width":0,"ocean_both_sidebars_sidebars_width":0,"ocean_sidebar":"0","ocean_second_sidebar":"0","ocean_disable_margins":"enable","ocean_add_body_class":"","ocean_shortcode_before_top_bar":"","ocean_shortcode_after_top_bar":"","ocean_shortcode_before_header":"","ocean_shortcode_after_header":"","ocean_has_shortcode":"","ocean_shortcode_after_title":"","ocean_shortcode_before_footer_widgets":"","ocean_shortcode_after_footer_widgets":"","ocean_shortcode_before_footer_bottom":"","ocean_shortcode_after_footer_bottom":"","ocean_display_top_bar":"default","ocean_display_header":"default","ocean_header_style":"","ocean_center_header_left_menu":"0","ocean_custom_header_template":"0","ocean_custom_logo":0,"ocean_custom_retina_logo":0,"ocean_custom_logo_max_width":0,"ocean_custom_logo_tablet_max_width":0,"ocean_custom_logo_mobile_max_width":0,"ocean_custom_logo_max_height":0,"ocean_custom_logo_tablet_max_height":0,"ocean_custom_logo_mobile_max_height":0,"ocean_header_custom_menu":"0","ocean_menu_typo_font_family":"0","ocean_menu_typo_font_subset":"","ocean_menu_typo_font_size":0,"ocean_menu_typo_font_size_tablet":0,"ocean_menu_typo_font_size_mobile":0,"ocean_menu_typo_font_size_unit":"px","ocean_menu_typo_font_weight":"","ocean_menu_typo_font_weight_tablet":"","ocean_menu_typo_font_weight_mobile":"","ocean_menu_typo_transform":"","ocean_menu_typo_transform_tablet":"","ocean_menu_typo_transform_mobile":"","ocean_menu_typo_line_height":0,"ocean_menu_typo_line_height_tablet":0,"ocean_menu_typo_line_height_mobile":0,"ocean_menu_typo_line_height_unit":"","ocean_menu_typo_spacing":0,"ocean_menu_typo_spacing_tablet":0,"ocean_menu_typo_spacing_mobile":0,"ocean_menu_typo_spacing_unit":"","ocean_menu_link_color":"","ocean_menu_link_color_hover":"","ocean_menu_link_color_active":"","ocean_menu_link_background":"","ocean_menu_link_hover_background":"","ocean_menu_link_active_background":"","ocean_menu_social_links_bg":"","ocean_menu_social_hover_links_bg":"","ocean_menu_social_links_color":"","ocean_menu_social_hover_links_color":"","ocean_disable_title":"on","ocean_disable_heading":"enable","ocean_post_title":"","ocean_post_subheading":"","ocean_post_title_style":"background-image","ocean_post_title_background_color":"","ocean_post_title_background":0,"ocean_post_title_bg_image_position":"","ocean_post_title_bg_image_attachment":"","ocean_post_title_bg_image_repeat":"","ocean_post_title_bg_image_size":"","ocean_post_title_height":0,"ocean_post_title_bg_overlay":0.5,"ocean_post_title_bg_overlay_color":"","ocean_disable_breadcrumbs":"off","ocean_breadcrumbs_color":"","ocean_breadcrumbs_separator_color":"","ocean_breadcrumbs_links_color":"","ocean_breadcrumbs_links_hover_color":"","ocean_display_footer_widgets":"off","ocean_display_footer_bottom":"off","ocean_custom_footer_template":"0"},"product_brand":[],"product_cat":[61,62],"product_tag":[],"class_list":{"0":"post-1882","1":"product","2":"type-product","3":"status-publish","4":"has-post-thumbnail","6":"product_cat-pro-xn","7":"product_cat-twarz-pro-xn","9":"entry","10":"has-media","12":"first","13":"onbackorder","14":"taxable","15":"shipping-taxable","16":"product-type-simple","17":"col","18":"span_1_of_3","19":"owp-content-center","20":"owp-thumbs-layout-horizontal","21":"owp-btn-big","22":"owp-tabs-layout-horizontal","23":"has-no-thumbnails"},"_links":{"self":[{"href":"https:\/\/egoskincare.pl\/sklep\/wp-json\/wp\/v2\/product\/1882","targetHints":{"allow":["GET"]}}],"collection":[{"href":"https:\/\/egoskincare.pl\/sklep\/wp-json\/wp\/v2\/product"}],"about":[{"href":"https:\/\/egoskincare.pl\/sklep\/wp-json\/wp\/v2\/types\/product"}],"replies":[{"embeddable":true,"href":"https:\/\/egoskincare.pl\/sklep\/wp-json\/wp\/v2\/comments?post=1882"}],"wp:featuredmedia":[{"embeddable":true,"href":"https:\/\/egoskincare.pl\/sklep\/wp-json\/wp\/v2\/media\/1884"}],"wp:attachment":[{"href":"https:\/\/egoskincare.pl\/sklep\/wp-json\/wp\/v2\/media?parent=1882"}],"wp:term":[{"taxonomy":"product_brand","embeddable":true,"href":"https:\/\/egoskincare.pl\/sklep\/wp-json\/wp\/v2\/product_brand?post=1882"},{"taxonomy":"product_cat","embeddable":true,"href":"https:\/\/egoskincare.pl\/sklep\/wp-json\/wp\/v2\/product_cat?post=1882"},{"taxonomy":"product_tag","embeddable":true,"href":"https:\/\/egoskincare.pl\/sklep\/wp-json\/wp\/v2\/product_tag?post=1882"}],"curies":[{"name":"wp","href":"https:\/\/api.w.org\/{rel}","templated":true}]}}