{"id":1772,"date":"2020-11-01T14:02:16","date_gmt":"2020-11-01T14:02:16","guid":{"rendered":"https:\/\/egoskincare.pl\/sklep\/?post_type=product&#038;p=1772"},"modified":"2022-11-25T11:35:44","modified_gmt":"2022-11-25T11:35:44","slug":"wzbogacona-nowa-mlodosc","status":"publish","type":"product","link":"https:\/\/egoskincare.pl\/sklep\/produkt\/wzbogacona-nowa-mlodosc\/","title":{"rendered":"Wzbogacona Nowa M\u0142odo\u015b\u0107"},"content":{"rendered":"","protected":false},"excerpt":{"rendered":"<p class=\"p1\"><strong>Enriched New Youth<\/strong><br \/>\nKrem o\u00a0bogatej konsystencji wyj\u0105tkowo regeneruje kom\u00f3rki, odm\u0142adzaj\u0105c je. Preparat zawiera niezb\u0119dne kwasy t\u0142uszczowe Omega 6, kt\u00f3re przywracaj\u0105 sk\u00f3rze komfort i\u00a0spr\u0119\u017cysto\u015b\u0107. Ju\u017c od\u00a0pierwszego tygodnia stosowania sk\u00f3ra staje si\u0119 j\u0119drniejsza i\u00a0bardziej promienna.<\/p>\n","protected":false},"featured_media":1773,"comment_status":"open","ping_status":"closed","template":"","meta":{"ocean_post_layout":"","ocean_both_sidebars_style":"","ocean_both_sidebars_content_width":0,"ocean_both_sidebars_sidebars_width":0,"ocean_sidebar":"0","ocean_second_sidebar":"0","ocean_disable_margins":"enable","ocean_add_body_class":"","ocean_shortcode_before_top_bar":"","ocean_shortcode_after_top_bar":"","ocean_shortcode_before_header":"","ocean_shortcode_after_header":"","ocean_has_shortcode":"","ocean_shortcode_after_title":"","ocean_shortcode_before_footer_widgets":"","ocean_shortcode_after_footer_widgets":"","ocean_shortcode_before_footer_bottom":"","ocean_shortcode_after_footer_bottom":"","ocean_display_top_bar":"default","ocean_display_header":"default","ocean_header_style":"","ocean_center_header_left_menu":"0","ocean_custom_header_template":"0","ocean_custom_logo":0,"ocean_custom_retina_logo":0,"ocean_custom_logo_max_width":0,"ocean_custom_logo_tablet_max_width":0,"ocean_custom_logo_mobile_max_width":0,"ocean_custom_logo_max_height":0,"ocean_custom_logo_tablet_max_height":0,"ocean_custom_logo_mobile_max_height":0,"ocean_header_custom_menu":"0","ocean_menu_typo_font_family":"0","ocean_menu_typo_font_subset":"","ocean_menu_typo_font_size":0,"ocean_menu_typo_font_size_tablet":0,"ocean_menu_typo_font_size_mobile":0,"ocean_menu_typo_font_size_unit":"px","ocean_menu_typo_font_weight":"","ocean_menu_typo_font_weight_tablet":"","ocean_menu_typo_font_weight_mobile":"","ocean_menu_typo_transform":"","ocean_menu_typo_transform_tablet":"","ocean_menu_typo_transform_mobile":"","ocean_menu_typo_line_height":0,"ocean_menu_typo_line_height_tablet":0,"ocean_menu_typo_line_height_mobile":0,"ocean_menu_typo_line_height_unit":"","ocean_menu_typo_spacing":0,"ocean_menu_typo_spacing_tablet":0,"ocean_menu_typo_spacing_mobile":0,"ocean_menu_typo_spacing_unit":"","ocean_menu_link_color":"","ocean_menu_link_color_hover":"","ocean_menu_link_color_active":"","ocean_menu_link_background":"","ocean_menu_link_hover_background":"","ocean_menu_link_active_background":"","ocean_menu_social_links_bg":"","ocean_menu_social_hover_links_bg":"","ocean_menu_social_links_color":"","ocean_menu_social_hover_links_color":"","ocean_disable_title":"on","ocean_disable_heading":"enable","ocean_post_title":"","ocean_post_subheading":"","ocean_post_title_style":"background-image","ocean_post_title_background_color":"","ocean_post_title_background":0,"ocean_post_title_bg_image_position":"","ocean_post_title_bg_image_attachment":"","ocean_post_title_bg_image_repeat":"","ocean_post_title_bg_image_size":"","ocean_post_title_height":0,"ocean_post_title_bg_overlay":0.5,"ocean_post_title_bg_overlay_color":"","ocean_disable_breadcrumbs":"off","ocean_breadcrumbs_color":"","ocean_breadcrumbs_separator_color":"","ocean_breadcrumbs_links_color":"","ocean_breadcrumbs_links_hover_color":"","ocean_display_footer_widgets":"off","ocean_display_footer_bottom":"off","ocean_custom_footer_template":"0"},"product_brand":[],"product_cat":[22,46,53],"product_tag":[],"class_list":{"0":"post-1772","1":"product","2":"type-product","3":"status-publish","4":"has-post-thumbnail","6":"product_cat-mary-cohr","7":"product_cat-twarz-mary-cohr","8":"product_cat-linia-nowa-mlodosc","10":"entry","11":"has-media","13":"first","14":"onbackorder","15":"taxable","16":"shipping-taxable","17":"purchasable","18":"product-type-simple","19":"col","20":"span_1_of_3","21":"owp-content-center","22":"owp-thumbs-layout-horizontal","23":"owp-btn-big","24":"owp-tabs-layout-horizontal","25":"has-no-thumbnails"},"_links":{"self":[{"href":"https:\/\/egoskincare.pl\/sklep\/wp-json\/wp\/v2\/product\/1772","targetHints":{"allow":["GET"]}}],"collection":[{"href":"https:\/\/egoskincare.pl\/sklep\/wp-json\/wp\/v2\/product"}],"about":[{"href":"https:\/\/egoskincare.pl\/sklep\/wp-json\/wp\/v2\/types\/product"}],"replies":[{"embeddable":true,"href":"https:\/\/egoskincare.pl\/sklep\/wp-json\/wp\/v2\/comments?post=1772"}],"wp:featuredmedia":[{"embeddable":true,"href":"https:\/\/egoskincare.pl\/sklep\/wp-json\/wp\/v2\/media\/1773"}],"wp:attachment":[{"href":"https:\/\/egoskincare.pl\/sklep\/wp-json\/wp\/v2\/media?parent=1772"}],"wp:term":[{"taxonomy":"product_brand","embeddable":true,"href":"https:\/\/egoskincare.pl\/sklep\/wp-json\/wp\/v2\/product_brand?post=1772"},{"taxonomy":"product_cat","embeddable":true,"href":"https:\/\/egoskincare.pl\/sklep\/wp-json\/wp\/v2\/product_cat?post=1772"},{"taxonomy":"product_tag","embeddable":true,"href":"https:\/\/egoskincare.pl\/sklep\/wp-json\/wp\/v2\/product_tag?post=1772"}],"curies":[{"name":"wp","href":"https:\/\/api.w.org\/{rel}","templated":true}]}}