{"id":1491,"date":"2020-10-30T16:23:20","date_gmt":"2020-10-30T16:23:20","guid":{"rendered":"https:\/\/egoskincare.pl\/sklep\/?post_type=product&#038;p=1491"},"modified":"2026-02-09T14:22:12","modified_gmt":"2026-02-09T14:22:12","slug":"purifying-krem-normalizujacy-sebum-spf15","status":"publish","type":"product","link":"https:\/\/egoskincare.pl\/sklep\/produkt\/purifying-krem-normalizujacy-sebum-spf15\/","title":{"rendered":"PURIFYING Krem Normalizuj\u0105cy sebum SPF15"},"content":{"rendered":"","protected":false},"excerpt":{"rendered":"<p class=\"p1\">SSEBUM NORMALISING CREAM SPF 15<br \/>\nCodzienna kuracja nawilz\u0307aja\u0328ca i\u00a0ochronna dla sk\u00f3ry podatnej na\u00a0tra\u0328dzik, z\u00a0probiotykiem lactobacillus i\u00a0ochron\u0105 przeciws\u0142oneczn\u0105 SPF15. Specjalny krem z\u0307elowy, s\u0301wiez\u0307y i\u00a0nie\u00a0t\u0142usty. Zwe\u0328z\u0307a pory sk\u00f3ry. Oczyszcza i\u00a0matuje. R\u00f3wnowaz\u0307y produkcje\u0328 sebum oraz\u00a0zwalcza ls\u0301nienie, zask\u00f3rniki, przebarwienia i\u00a0inne niedoskona\u0142os\u0301ci. Doskonali teksture\u0328 sk\u00f3ry. Bez\u00a0oleju, bez\u00a0paraben\u00f3w.<\/p>\n","protected":false},"featured_media":1492,"comment_status":"open","ping_status":"closed","template":"","meta":{"ocean_post_layout":"","ocean_both_sidebars_style":"","ocean_both_sidebars_content_width":0,"ocean_both_sidebars_sidebars_width":0,"ocean_sidebar":"0","ocean_second_sidebar":"0","ocean_disable_margins":"enable","ocean_add_body_class":"","ocean_shortcode_before_top_bar":"","ocean_shortcode_after_top_bar":"","ocean_shortcode_before_header":"","ocean_shortcode_after_header":"","ocean_has_shortcode":"","ocean_shortcode_after_title":"","ocean_shortcode_before_footer_widgets":"","ocean_shortcode_after_footer_widgets":"","ocean_shortcode_before_footer_bottom":"","ocean_shortcode_after_footer_bottom":"","ocean_display_top_bar":"default","ocean_display_header":"default","ocean_header_style":"","ocean_center_header_left_menu":"0","ocean_custom_header_template":"0","ocean_custom_logo":0,"ocean_custom_retina_logo":0,"ocean_custom_logo_max_width":0,"ocean_custom_logo_tablet_max_width":0,"ocean_custom_logo_mobile_max_width":0,"ocean_custom_logo_max_height":0,"ocean_custom_logo_tablet_max_height":0,"ocean_custom_logo_mobile_max_height":0,"ocean_header_custom_menu":"0","ocean_menu_typo_font_family":"0","ocean_menu_typo_font_subset":"","ocean_menu_typo_font_size":0,"ocean_menu_typo_font_size_tablet":0,"ocean_menu_typo_font_size_mobile":0,"ocean_menu_typo_font_size_unit":"px","ocean_menu_typo_font_weight":"","ocean_menu_typo_font_weight_tablet":"","ocean_menu_typo_font_weight_mobile":"","ocean_menu_typo_transform":"","ocean_menu_typo_transform_tablet":"","ocean_menu_typo_transform_mobile":"","ocean_menu_typo_line_height":0,"ocean_menu_typo_line_height_tablet":0,"ocean_menu_typo_line_height_mobile":0,"ocean_menu_typo_line_height_unit":"","ocean_menu_typo_spacing":0,"ocean_menu_typo_spacing_tablet":0,"ocean_menu_typo_spacing_mobile":0,"ocean_menu_typo_spacing_unit":"","ocean_menu_link_color":"","ocean_menu_link_color_hover":"","ocean_menu_link_color_active":"","ocean_menu_link_background":"","ocean_menu_link_hover_background":"","ocean_menu_link_active_background":"","ocean_menu_social_links_bg":"","ocean_menu_social_hover_links_bg":"","ocean_menu_social_links_color":"","ocean_menu_social_hover_links_color":"","ocean_disable_title":"on","ocean_disable_heading":"default","ocean_post_title":"","ocean_post_subheading":"","ocean_post_title_style":"","ocean_post_title_background_color":"","ocean_post_title_background":0,"ocean_post_title_bg_image_position":"","ocean_post_title_bg_image_attachment":"","ocean_post_title_bg_image_repeat":"","ocean_post_title_bg_image_size":"","ocean_post_title_height":0,"ocean_post_title_bg_overlay":0.5,"ocean_post_title_bg_overlay_color":"","ocean_disable_breadcrumbs":"off","ocean_breadcrumbs_color":"","ocean_breadcrumbs_separator_color":"","ocean_breadcrumbs_links_color":"","ocean_breadcrumbs_links_hover_color":"","ocean_display_footer_widgets":"off","ocean_display_footer_bottom":"off","ocean_custom_footer_template":"0"},"product_brand":[],"product_cat":[21,25],"product_tag":[],"class_list":{"0":"post-1491","1":"product","2":"type-product","3":"status-publish","4":"has-post-thumbnail","6":"product_cat-diego-dalla-palma","7":"product_cat-twarz","9":"entry","10":"has-media","12":"first","13":"instock","14":"taxable","15":"shipping-taxable","16":"purchasable","17":"product-type-simple","18":"col","19":"span_1_of_3","20":"owp-content-center","21":"owp-thumbs-layout-horizontal","22":"owp-btn-big","23":"owp-tabs-layout-horizontal","24":"has-no-thumbnails"},"_links":{"self":[{"href":"https:\/\/egoskincare.pl\/sklep\/wp-json\/wp\/v2\/product\/1491","targetHints":{"allow":["GET"]}}],"collection":[{"href":"https:\/\/egoskincare.pl\/sklep\/wp-json\/wp\/v2\/product"}],"about":[{"href":"https:\/\/egoskincare.pl\/sklep\/wp-json\/wp\/v2\/types\/product"}],"replies":[{"embeddable":true,"href":"https:\/\/egoskincare.pl\/sklep\/wp-json\/wp\/v2\/comments?post=1491"}],"wp:featuredmedia":[{"embeddable":true,"href":"https:\/\/egoskincare.pl\/sklep\/wp-json\/wp\/v2\/media\/1492"}],"wp:attachment":[{"href":"https:\/\/egoskincare.pl\/sklep\/wp-json\/wp\/v2\/media?parent=1491"}],"wp:term":[{"taxonomy":"product_brand","embeddable":true,"href":"https:\/\/egoskincare.pl\/sklep\/wp-json\/wp\/v2\/product_brand?post=1491"},{"taxonomy":"product_cat","embeddable":true,"href":"https:\/\/egoskincare.pl\/sklep\/wp-json\/wp\/v2\/product_cat?post=1491"},{"taxonomy":"product_tag","embeddable":true,"href":"https:\/\/egoskincare.pl\/sklep\/wp-json\/wp\/v2\/product_tag?post=1491"}],"curies":[{"name":"wp","href":"https:\/\/api.w.org\/{rel}","templated":true}]}}