{"id":1467,"date":"2020-10-30T15:39:53","date_gmt":"2020-10-30T15:39:53","guid":{"rendered":"https:\/\/egoskincare.pl\/sklep\/?post_type=product&#038;p=1467"},"modified":"2026-02-09T14:30:30","modified_gmt":"2026-02-09T14:30:30","slug":"icon-time-krem-rewitalizujacy-ze-srebrem-24-h","status":"publish","type":"product","link":"https:\/\/egoskincare.pl\/sklep\/produkt\/icon-time-krem-rewitalizujacy-ze-srebrem-24-h\/","title":{"rendered":"ICON TIME Krem Rewitalizuj\u0105cy ze\u00a0Srebrem 24 h"},"content":{"rendered":"<p>Rozja\u015bniaj\u0105cy i ochronny krem wzbogacony srebrnym py\u0142em. Natychmiast rewitalizuje i dotlenia matow\u0105, zm\u0119czon\u0105 sk\u00f3r\u0119, chroni\u0105c j\u0105 przed ekspozomem i przedwczesnym starzeniem. Jego opalizuj\u0105ca, r\u00f3\u017cowa konsystencja natychmiast wydobywa blask sk\u00f3ry. Wzbogacony o mikro-srebrny py\u0142 i dotleniaj\u0105ce sk\u0142adniki aktywne, tworzy barier\u0119 ochronn\u0105 przed stresem oksydacyjnym i \u015brodowiskowym.<\/p>\n<h4>ICON TIME Krem dotleniaj\u0105cy SILVER Therapy<\/h4>\n<p><b>50 ml<\/b><\/p>\n<p>Rozja\u015bniaj\u0105cy i ochronny krem wzbogacony srebrnym py\u0142em. Natychmiast rewitalizuje i dotlenia matow\u0105, zm\u0119czon\u0105 sk\u00f3r\u0119, chroni\u0105c j\u0105 przed ekspozomem i przedwczesnym starzeniem. Jego opalizuj\u0105ca, r\u00f3\u017cowa konsystencja natychmiast wydobywa blask sk\u00f3ry. Wzbogacony o mikro-srebrny py\u0142 i dotleniaj\u0105ce sk\u0142adniki aktywne, tworzy barier\u0119 ochronn\u0105 przed stresem oksydacyjnym i \u015brodowiskowym.<\/p>\n<hr \/>\n<p><strong>Stosowanie:\u00a0<\/strong>stosuj rano i wieczorem na twarz i szyj\u0119, omijaj\u0105c okolice oczu. Idealny r\u00f3wnie\u017c jako baza pod makija\u017c dla efektu naturalnego roz\u015bwietlenia.<\/p>\n<p><strong>Stosowanie: <\/strong>stosuj rano i wieczorem na twarz i szyj\u0119, omijaj\u0105c okolice oczu. Idealny r\u00f3wnie\u017c jako baza pod makija\u017c dla efektu naturalnego roz\u015bwietlenia.<\/p>\n","protected":false},"excerpt":{"rendered":"<h4>ICON TIME Krem dotleniaj\u0105cy SILVER Therapy<\/h4>\n<p><b>50 ml<\/b><\/p>\n<p>Rozja\u015bniaj\u0105cy i ochronny krem wzbogacony srebrnym py\u0142em. Natychmiast rewitalizuje i dotlenia matow\u0105, zm\u0119czon\u0105 sk\u00f3r\u0119, chroni\u0105c j\u0105 przed ekspozomem i przedwczesnym starzeniem. Jego opalizuj\u0105ca, r\u00f3\u017cowa konsystencja natychmiast wydobywa blask sk\u00f3ry. Wzbogacony o mikro-srebrny py\u0142 i dotleniaj\u0105ce sk\u0142adniki aktywne, tworzy barier\u0119 ochronn\u0105 przed stresem oksydacyjnym i \u015brodowiskowym.<\/p>\n<hr \/>\n<p><strong>Stosowanie:\u00a0<\/strong>stosuj rano i wieczorem na twarz i szyj\u0119, omijaj\u0105c okolice oczu. Idealny r\u00f3wnie\u017c jako baza pod makija\u017c dla efektu naturalnego roz\u015bwietlenia.<\/p>\n","protected":false},"featured_media":4419,"comment_status":"open","ping_status":"closed","template":"","meta":{"ocean_post_layout":"","ocean_both_sidebars_style":"","ocean_both_sidebars_content_width":0,"ocean_both_sidebars_sidebars_width":0,"ocean_sidebar":"0","ocean_second_sidebar":"0","ocean_disable_margins":"enable","ocean_add_body_class":"","ocean_shortcode_before_top_bar":"","ocean_shortcode_after_top_bar":"","ocean_shortcode_before_header":"","ocean_shortcode_after_header":"","ocean_has_shortcode":"","ocean_shortcode_after_title":"","ocean_shortcode_before_footer_widgets":"","ocean_shortcode_after_footer_widgets":"","ocean_shortcode_before_footer_bottom":"","ocean_shortcode_after_footer_bottom":"","ocean_display_top_bar":"default","ocean_display_header":"default","ocean_header_style":"","ocean_center_header_left_menu":"0","ocean_custom_header_template":"0","ocean_custom_logo":0,"ocean_custom_retina_logo":0,"ocean_custom_logo_max_width":0,"ocean_custom_logo_tablet_max_width":0,"ocean_custom_logo_mobile_max_width":0,"ocean_custom_logo_max_height":0,"ocean_custom_logo_tablet_max_height":0,"ocean_custom_logo_mobile_max_height":0,"ocean_header_custom_menu":"0","ocean_menu_typo_font_family":"0","ocean_menu_typo_font_subset":"","ocean_menu_typo_font_size":0,"ocean_menu_typo_font_size_tablet":0,"ocean_menu_typo_font_size_mobile":0,"ocean_menu_typo_font_size_unit":"px","ocean_menu_typo_font_weight":"","ocean_menu_typo_font_weight_tablet":"","ocean_menu_typo_font_weight_mobile":"","ocean_menu_typo_transform":"","ocean_menu_typo_transform_tablet":"","ocean_menu_typo_transform_mobile":"","ocean_menu_typo_line_height":0,"ocean_menu_typo_line_height_tablet":0,"ocean_menu_typo_line_height_mobile":0,"ocean_menu_typo_line_height_unit":"","ocean_menu_typo_spacing":0,"ocean_menu_typo_spacing_tablet":0,"ocean_menu_typo_spacing_mobile":0,"ocean_menu_typo_spacing_unit":"","ocean_menu_link_color":"","ocean_menu_link_color_hover":"","ocean_menu_link_color_active":"","ocean_menu_link_background":"","ocean_menu_link_hover_background":"","ocean_menu_link_active_background":"","ocean_menu_social_links_bg":"","ocean_menu_social_hover_links_bg":"","ocean_menu_social_links_color":"","ocean_menu_social_hover_links_color":"","ocean_disable_title":"on","ocean_disable_heading":"default","ocean_post_title":"","ocean_post_subheading":"","ocean_post_title_style":"","ocean_post_title_background_color":"","ocean_post_title_background":0,"ocean_post_title_bg_image_position":"","ocean_post_title_bg_image_attachment":"","ocean_post_title_bg_image_repeat":"","ocean_post_title_bg_image_size":"","ocean_post_title_height":0,"ocean_post_title_bg_overlay":0.5,"ocean_post_title_bg_overlay_color":"","ocean_disable_breadcrumbs":"off","ocean_breadcrumbs_color":"","ocean_breadcrumbs_separator_color":"","ocean_breadcrumbs_links_color":"","ocean_breadcrumbs_links_hover_color":"","ocean_display_footer_widgets":"off","ocean_display_footer_bottom":"off","ocean_custom_footer_template":"0"},"product_brand":[],"product_cat":[21,25,32],"product_tag":[],"class_list":{"0":"post-1467","1":"product","2":"type-product","3":"status-publish","4":"has-post-thumbnail","6":"product_cat-diego-dalla-palma","7":"product_cat-twarz","8":"product_cat-icon-time","10":"entry","11":"has-media","13":"first","14":"instock","15":"taxable","16":"shipping-taxable","17":"purchasable","18":"product-type-simple","19":"col","20":"span_1_of_3","21":"owp-content-center","22":"owp-thumbs-layout-horizontal","23":"owp-btn-big","24":"owp-tabs-layout-horizontal","25":"has-no-thumbnails"},"_links":{"self":[{"href":"https:\/\/egoskincare.pl\/sklep\/wp-json\/wp\/v2\/product\/1467","targetHints":{"allow":["GET"]}}],"collection":[{"href":"https:\/\/egoskincare.pl\/sklep\/wp-json\/wp\/v2\/product"}],"about":[{"href":"https:\/\/egoskincare.pl\/sklep\/wp-json\/wp\/v2\/types\/product"}],"replies":[{"embeddable":true,"href":"https:\/\/egoskincare.pl\/sklep\/wp-json\/wp\/v2\/comments?post=1467"}],"wp:featuredmedia":[{"embeddable":true,"href":"https:\/\/egoskincare.pl\/sklep\/wp-json\/wp\/v2\/media\/4419"}],"wp:attachment":[{"href":"https:\/\/egoskincare.pl\/sklep\/wp-json\/wp\/v2\/media?parent=1467"}],"wp:term":[{"taxonomy":"product_brand","embeddable":true,"href":"https:\/\/egoskincare.pl\/sklep\/wp-json\/wp\/v2\/product_brand?post=1467"},{"taxonomy":"product_cat","embeddable":true,"href":"https:\/\/egoskincare.pl\/sklep\/wp-json\/wp\/v2\/product_cat?post=1467"},{"taxonomy":"product_tag","embeddable":true,"href":"https:\/\/egoskincare.pl\/sklep\/wp-json\/wp\/v2\/product_tag?post=1467"}],"curies":[{"name":"wp","href":"https:\/\/api.w.org\/{rel}","templated":true}]}}