{"id":1464,"date":"2020-10-30T15:15:50","date_gmt":"2020-10-30T15:15:50","guid":{"rendered":"https:\/\/egoskincare.pl\/sklep\/?post_type=product&#038;p=1464"},"modified":"2024-11-20T08:37:59","modified_gmt":"2024-11-20T08:37:59","slug":"krem-na-okolice-oczu-z-koktajlem-witaminowym","status":"publish","type":"product","link":"https:\/\/egoskincare.pl\/sklep\/produkt\/krem-na-okolice-oczu-z-koktajlem-witaminowym\/","title":{"rendered":"HA HERO krem na okolic\u0119 oczu z koktajlem witaminowym"},"content":{"rendered":"<p><strong>EYE CONTOUR WITH HYALURONIC ACID AND A COCKTAIL OF VITAMINS<\/strong><\/p>\n<p>Nawil\u017caj\u0105cy, multikorekcyjny krem na okolice oczu. Redukuje oznaki zm\u0119czenia (worki i cienie) oraz starzenia (zmarszczki mimiczne i drobne linie). Napina zwiotcza\u0142\u0105 sk\u00f3r\u0119 wok\u00f3\u0142 oczu i unosi opadaj\u0105ce powieki. Jego roz\u015bwietlaj\u0105ca i wyg\u0142adzaj\u0105ca konsystencja szybko si\u0119 wch\u0142ania, natychmiast roz\u015bwietlaj\u0105c i od\u015bwie\u017caj\u0105c okolice oczu.<\/p>\n<p>Zawiera:<br \/>\n&#8211; Peptyd pro-hialuronowy: stymuluje produkcj\u0119 endogennego, kwasu hialuronowego<br \/>\n&#8211; 51+3 hyalu complex: multiaktywny kompleks biorewitalizuj\u0105cy<br \/>\n&#8211; Up-eyelids complex: przeciwobrz\u0119kowy, przeciw cieniom, przeciwzmarszczkowy, zapobiegaj\u0105cy efektowi opadaj\u0105cych powiek<br \/>\noraz procesowi glikacji<br \/>\n&#8211; Kofein\u0119: dzia\u0142a drenuj\u0105co i przeciwobrz\u0119kowo<br \/>\n&#8211; Kompleks multiwitaminowy: (witamina C, E, pantenol, koenzym Q 10, witamina PP): antyoksydacyjny, ochronny, nawil\u017caj\u0105cy, roz\u015bwietlaj\u0105cy)<br \/>\n&#8211; Pigmenty roz\u015bwietlaj\u0105ce: dla \u015bwie\u017cego wygl\u0105du oczu.<\/p>\n<p>Dla kogo:<br \/>\nidealny w przypadku work\u00f3w i cieni pod oczami, a tak\u017ce by niwelowa\u0107 zmarszczki mimiczne i drobne linie.<\/p>\n<p>Atuty:<br \/>\n&#8211; skutecznie redukuje cienie i worki pod oczami<br \/>\n&#8211; wype\u0142nia linie i zmarszczki okolic oczu<br \/>\n&#8211; g\u0142\u0119boko nawil\u017ca i koi okolice oczu<\/p>\n","protected":false},"excerpt":{"rendered":"<p class=\"p1\"><strong>HA HERO krem na okolice oczu z koktajlem witaminowym<\/strong><\/p>\n<p class=\"p1\">Nawil\u017caj\u0105cy, multikorekcyjny krem na okolice oczu. Redukuje oznaki, zm\u0119czenia (worki i cienie) oraz starzenia (zmarszczki mimiczne i drobne linie). Napina zwiotcza\u0142\u0105 sk\u00f3r\u0119 wok\u00f3\u0142 oczu i unosi opadaj\u0105ce powieki. Jego roz\u015bwietlaj\u0105ca i wyg\u0142adzaj\u0105ca konsystencja szybko si\u0119 wch\u0142ania, natychmiast roz\u015bwietlaj\u0105c i od\u015bwie\u017caj\u0105c okolice oczu.<\/p>\n","protected":false},"featured_media":4192,"comment_status":"open","ping_status":"closed","template":"","meta":{"ocean_post_layout":"","ocean_both_sidebars_style":"","ocean_both_sidebars_content_width":0,"ocean_both_sidebars_sidebars_width":0,"ocean_sidebar":"0","ocean_second_sidebar":"0","ocean_disable_margins":"enable","ocean_add_body_class":"","ocean_shortcode_before_top_bar":"","ocean_shortcode_after_top_bar":"","ocean_shortcode_before_header":"","ocean_shortcode_after_header":"","ocean_has_shortcode":"","ocean_shortcode_after_title":"","ocean_shortcode_before_footer_widgets":"","ocean_shortcode_after_footer_widgets":"","ocean_shortcode_before_footer_bottom":"","ocean_shortcode_after_footer_bottom":"","ocean_display_top_bar":"default","ocean_display_header":"default","ocean_header_style":"","ocean_center_header_left_menu":"0","ocean_custom_header_template":"0","ocean_custom_logo":0,"ocean_custom_retina_logo":0,"ocean_custom_logo_max_width":0,"ocean_custom_logo_tablet_max_width":0,"ocean_custom_logo_mobile_max_width":0,"ocean_custom_logo_max_height":0,"ocean_custom_logo_tablet_max_height":0,"ocean_custom_logo_mobile_max_height":0,"ocean_header_custom_menu":"0","ocean_menu_typo_font_family":"0","ocean_menu_typo_font_subset":"","ocean_menu_typo_font_size":0,"ocean_menu_typo_font_size_tablet":0,"ocean_menu_typo_font_size_mobile":0,"ocean_menu_typo_font_size_unit":"px","ocean_menu_typo_font_weight":"","ocean_menu_typo_font_weight_tablet":"","ocean_menu_typo_font_weight_mobile":"","ocean_menu_typo_transform":"","ocean_menu_typo_transform_tablet":"","ocean_menu_typo_transform_mobile":"","ocean_menu_typo_line_height":0,"ocean_menu_typo_line_height_tablet":0,"ocean_menu_typo_line_height_mobile":0,"ocean_menu_typo_line_height_unit":"","ocean_menu_typo_spacing":0,"ocean_menu_typo_spacing_tablet":0,"ocean_menu_typo_spacing_mobile":0,"ocean_menu_typo_spacing_unit":"","ocean_menu_link_color":"","ocean_menu_link_color_hover":"","ocean_menu_link_color_active":"","ocean_menu_link_background":"","ocean_menu_link_hover_background":"","ocean_menu_link_active_background":"","ocean_menu_social_links_bg":"","ocean_menu_social_hover_links_bg":"","ocean_menu_social_links_color":"","ocean_menu_social_hover_links_color":"","ocean_disable_title":"on","ocean_disable_heading":"default","ocean_post_title":"","ocean_post_subheading":"","ocean_post_title_style":"","ocean_post_title_background_color":"","ocean_post_title_background":0,"ocean_post_title_bg_image_position":"","ocean_post_title_bg_image_attachment":"","ocean_post_title_bg_image_repeat":"","ocean_post_title_bg_image_size":"","ocean_post_title_height":0,"ocean_post_title_bg_overlay":0.5,"ocean_post_title_bg_overlay_color":"","ocean_disable_breadcrumbs":"off","ocean_breadcrumbs_color":"","ocean_breadcrumbs_separator_color":"","ocean_breadcrumbs_links_color":"","ocean_breadcrumbs_links_hover_color":"","ocean_display_footer_widgets":"off","ocean_display_footer_bottom":"off","ocean_custom_footer_template":"0"},"product_brand":[],"product_cat":[21,25,33],"product_tag":[],"class_list":{"0":"post-1464","1":"product","2":"type-product","3":"status-publish","4":"has-post-thumbnail","6":"product_cat-diego-dalla-palma","7":"product_cat-twarz","8":"product_cat-ha-hero","10":"entry","11":"has-media","13":"first","14":"instock","15":"taxable","16":"shipping-taxable","17":"purchasable","18":"product-type-simple","19":"col","20":"span_1_of_3","21":"owp-content-center","22":"owp-thumbs-layout-horizontal","23":"owp-btn-big","24":"owp-tabs-layout-horizontal","25":"has-no-thumbnails"},"_links":{"self":[{"href":"https:\/\/egoskincare.pl\/sklep\/wp-json\/wp\/v2\/product\/1464","targetHints":{"allow":["GET"]}}],"collection":[{"href":"https:\/\/egoskincare.pl\/sklep\/wp-json\/wp\/v2\/product"}],"about":[{"href":"https:\/\/egoskincare.pl\/sklep\/wp-json\/wp\/v2\/types\/product"}],"replies":[{"embeddable":true,"href":"https:\/\/egoskincare.pl\/sklep\/wp-json\/wp\/v2\/comments?post=1464"}],"wp:featuredmedia":[{"embeddable":true,"href":"https:\/\/egoskincare.pl\/sklep\/wp-json\/wp\/v2\/media\/4192"}],"wp:attachment":[{"href":"https:\/\/egoskincare.pl\/sklep\/wp-json\/wp\/v2\/media?parent=1464"}],"wp:term":[{"taxonomy":"product_brand","embeddable":true,"href":"https:\/\/egoskincare.pl\/sklep\/wp-json\/wp\/v2\/product_brand?post=1464"},{"taxonomy":"product_cat","embeddable":true,"href":"https:\/\/egoskincare.pl\/sklep\/wp-json\/wp\/v2\/product_cat?post=1464"},{"taxonomy":"product_tag","embeddable":true,"href":"https:\/\/egoskincare.pl\/sklep\/wp-json\/wp\/v2\/product_tag?post=1464"}],"curies":[{"name":"wp","href":"https:\/\/api.w.org\/{rel}","templated":true}]}}