{"id":1459,"date":"2020-10-30T15:00:45","date_gmt":"2020-10-30T15:00:45","guid":{"rendered":"https:\/\/egoskincare.pl\/sklep\/?post_type=product&#038;p=1459"},"modified":"2024-11-20T09:02:30","modified_gmt":"2024-11-20T09:02:30","slug":"ha-hero-ultra-odzywczy-krem-wypelniajacy","status":"publish","type":"product","link":"https:\/\/egoskincare.pl\/sklep\/produkt\/ha-hero-ultra-odzywczy-krem-wypelniajacy\/","title":{"rendered":"HA HERO Ultra od\u017cywczy krem wype\u0142niaj\u0105cy"},"content":{"rendered":"<p>HYALU RICH ULTRA-NOURISHING CREAM<br \/>\nHA HERO ULTRA OD\u017bYWCZY KREM WYPE\u0141NIAJ\u0104CY<\/p>\n<p>Otulaj\u0105cy i regeneruj\u0105cy krem nawil\u017caj\u0105cy. Zwi\u0119ksza produkcj\u0119 kwasu hialuronowego w najg\u0142\u0119bszych warstwach sk\u00f3ry, nadaje j\u0119drno\u015b\u0107 i modeluje obj\u0119to\u015b\u0107 twarzy. Wyra\u017anie zwi\u0119ksza elastyczno\u015b\u0107 sk\u00f3ry oraz niweluje zmarszczki odwodnieniowe, a tak\u017ce objawy zwi\u0105zane z podra\u017cnieniami czy sucho\u015bci\u0105 sk\u00f3ry.<\/p>\n<p>Zawiera:<br \/>\n&#8211; Peptyd pro-hialuronowy: stymuluje produkcj\u0119 endogennego, kwasu hialuronowego<br \/>\n&#8211; 51+3 hyalu complex: multiaktywny kompleks biorewitalizuj\u0105cy<br \/>\n&#8211; Kompleks multiwitaminowy (witamina C, E, pantenol, koenzym Q 10, witamina PP): antyoksydacyjny, ochronny, nawil\u017caj\u0105cy oraz roz\u015bwietlaj\u0105cy<br \/>\n&#8211; Olej z kamelii: nawil\u017caj\u0105cy, uelastyczniaj\u0105cy, \u0142agodz\u0105cy<br \/>\n&#8211; Skwalan: od\u017cywczy i przeciwdzia\u0142aj\u0105cy wysuszeniu<br \/>\n&#8211; Mas\u0142o Karite: od\u017cywcze i ochronne<br \/>\n&#8211; Kompleks multiceramidowy: przeciwdzia\u0142a wysuszeniu sk\u00f3ry i efektom starzenia<br \/>\n&#8211; Fermentowane oleje z arcydzi\u0119gla korea\u0144skiego, lukrecji, arganu, shiunko: nawil\u017caj\u0105ce i jedwabiste.<\/p>\n<p>Dla kogo:<br \/>\ndla sk\u00f3ry silnie odwodnionej, suchej, ze zmarszczkami odwodnieniowymi.<\/p>\n<p>Atuty:<br \/>\n&#8211; j\u0119drna i bardziej elastyczna sk\u00f3ra<br \/>\n&#8211; silne od\u017cywienie i regeneracja<br \/>\n&#8211; wype\u0142nienie zmarszczek<\/p>\n","protected":false},"excerpt":{"rendered":"<h5>HA HERO Ultra od\u017cywczy krem wype\u0142niaj\u0105cy<\/h5>\n<h6><b>50 ml<\/b><\/h6>\n<p>Otulaj\u0105cy i regeneruj\u0105cy krem nawil\u017caj\u0105cy. Zwi\u0119ksza produkcj\u0119 kwasu hialuronowego w najg\u0142\u0119bszych warstwach sk\u00f3ry, nadaje j\u0119drno\u015b\u0107 i modeluje obj\u0119to\u015b\u0107 twarzy. Wyra\u017anie zwi\u0119ksza elastyczno\u015b\u0107 sk\u00f3ry oraz niweluje zmarszczki odwodnieniowe, a tak\u017ce objawy zwi\u0105zane z podra\u017cnieniami czy sucho\u015bci\u0105 sk\u00f3ry.<\/p>\n","protected":false},"featured_media":4197,"comment_status":"open","ping_status":"closed","template":"","meta":{"ocean_post_layout":"","ocean_both_sidebars_style":"","ocean_both_sidebars_content_width":0,"ocean_both_sidebars_sidebars_width":0,"ocean_sidebar":"0","ocean_second_sidebar":"0","ocean_disable_margins":"enable","ocean_add_body_class":"","ocean_shortcode_before_top_bar":"","ocean_shortcode_after_top_bar":"","ocean_shortcode_before_header":"","ocean_shortcode_after_header":"","ocean_has_shortcode":"","ocean_shortcode_after_title":"","ocean_shortcode_before_footer_widgets":"","ocean_shortcode_after_footer_widgets":"","ocean_shortcode_before_footer_bottom":"","ocean_shortcode_after_footer_bottom":"","ocean_display_top_bar":"default","ocean_display_header":"default","ocean_header_style":"","ocean_center_header_left_menu":"0","ocean_custom_header_template":"0","ocean_custom_logo":0,"ocean_custom_retina_logo":0,"ocean_custom_logo_max_width":0,"ocean_custom_logo_tablet_max_width":0,"ocean_custom_logo_mobile_max_width":0,"ocean_custom_logo_max_height":0,"ocean_custom_logo_tablet_max_height":0,"ocean_custom_logo_mobile_max_height":0,"ocean_header_custom_menu":"0","ocean_menu_typo_font_family":"0","ocean_menu_typo_font_subset":"","ocean_menu_typo_font_size":0,"ocean_menu_typo_font_size_tablet":0,"ocean_menu_typo_font_size_mobile":0,"ocean_menu_typo_font_size_unit":"px","ocean_menu_typo_font_weight":"","ocean_menu_typo_font_weight_tablet":"","ocean_menu_typo_font_weight_mobile":"","ocean_menu_typo_transform":"","ocean_menu_typo_transform_tablet":"","ocean_menu_typo_transform_mobile":"","ocean_menu_typo_line_height":0,"ocean_menu_typo_line_height_tablet":0,"ocean_menu_typo_line_height_mobile":0,"ocean_menu_typo_line_height_unit":"","ocean_menu_typo_spacing":0,"ocean_menu_typo_spacing_tablet":0,"ocean_menu_typo_spacing_mobile":0,"ocean_menu_typo_spacing_unit":"","ocean_menu_link_color":"","ocean_menu_link_color_hover":"","ocean_menu_link_color_active":"","ocean_menu_link_background":"","ocean_menu_link_hover_background":"","ocean_menu_link_active_background":"","ocean_menu_social_links_bg":"","ocean_menu_social_hover_links_bg":"","ocean_menu_social_links_color":"","ocean_menu_social_hover_links_color":"","ocean_disable_title":"on","ocean_disable_heading":"default","ocean_post_title":"","ocean_post_subheading":"","ocean_post_title_style":"","ocean_post_title_background_color":"","ocean_post_title_background":0,"ocean_post_title_bg_image_position":"","ocean_post_title_bg_image_attachment":"","ocean_post_title_bg_image_repeat":"","ocean_post_title_bg_image_size":"","ocean_post_title_height":0,"ocean_post_title_bg_overlay":0.5,"ocean_post_title_bg_overlay_color":"","ocean_disable_breadcrumbs":"off","ocean_breadcrumbs_color":"","ocean_breadcrumbs_separator_color":"","ocean_breadcrumbs_links_color":"","ocean_breadcrumbs_links_hover_color":"","ocean_display_footer_widgets":"off","ocean_display_footer_bottom":"off","ocean_custom_footer_template":"0"},"product_brand":[],"product_cat":[21,25,33],"product_tag":[],"class_list":{"0":"post-1459","1":"product","2":"type-product","3":"status-publish","4":"has-post-thumbnail","6":"product_cat-diego-dalla-palma","7":"product_cat-twarz","8":"product_cat-ha-hero","10":"entry","11":"has-media","13":"first","14":"instock","15":"taxable","16":"shipping-taxable","17":"purchasable","18":"product-type-simple","19":"col","20":"span_1_of_3","21":"owp-content-center","22":"owp-thumbs-layout-horizontal","23":"owp-btn-big","24":"owp-tabs-layout-horizontal","25":"has-no-thumbnails"},"_links":{"self":[{"href":"https:\/\/egoskincare.pl\/sklep\/wp-json\/wp\/v2\/product\/1459","targetHints":{"allow":["GET"]}}],"collection":[{"href":"https:\/\/egoskincare.pl\/sklep\/wp-json\/wp\/v2\/product"}],"about":[{"href":"https:\/\/egoskincare.pl\/sklep\/wp-json\/wp\/v2\/types\/product"}],"replies":[{"embeddable":true,"href":"https:\/\/egoskincare.pl\/sklep\/wp-json\/wp\/v2\/comments?post=1459"}],"wp:featuredmedia":[{"embeddable":true,"href":"https:\/\/egoskincare.pl\/sklep\/wp-json\/wp\/v2\/media\/4197"}],"wp:attachment":[{"href":"https:\/\/egoskincare.pl\/sklep\/wp-json\/wp\/v2\/media?parent=1459"}],"wp:term":[{"taxonomy":"product_brand","embeddable":true,"href":"https:\/\/egoskincare.pl\/sklep\/wp-json\/wp\/v2\/product_brand?post=1459"},{"taxonomy":"product_cat","embeddable":true,"href":"https:\/\/egoskincare.pl\/sklep\/wp-json\/wp\/v2\/product_cat?post=1459"},{"taxonomy":"product_tag","embeddable":true,"href":"https:\/\/egoskincare.pl\/sklep\/wp-json\/wp\/v2\/product_tag?post=1459"}],"curies":[{"name":"wp","href":"https:\/\/api.w.org\/{rel}","templated":true}]}}