{"id":1401,"date":"2020-10-30T12:43:58","date_gmt":"2020-10-30T12:43:58","guid":{"rendered":"https:\/\/egoskincare.pl\/sklep\/?post_type=product&#038;p=1401"},"modified":"2024-11-20T09:08:14","modified_gmt":"2024-11-20T09:08:14","slug":"ha-hero-krem-ceramidowy-do-pielegnacji-ust","status":"publish","type":"product","link":"https:\/\/egoskincare.pl\/sklep\/produkt\/ha-hero-krem-ceramidowy-do-pielegnacji-ust\/","title":{"rendered":"HA HERO Krem ceramidowy do piel\u0119gnacji ust"},"content":{"rendered":"<p>LIP REPAIR TREATMENT WITH CERAMIDES AND HYALURONIC ACID<br \/>\nHA HERO KREM CERAMIDOWY DO PIEL\u0118GNACJI UST<\/p>\n<p>Roztapiaj\u0105ca si\u0119 i otulaj\u0105ca konsystencja kremu, zapewnia ochron\u0119 i od\u017cywienie, przeciwdzia\u0142aj\u0105c odwodnieniu, wysuszeniu i p\u0119kaniu. Dzi\u0119ki lekko r\u00f3\u017cowej barwie zmi\u0119kcza i rozja\u015bnia usta, sprawiaj\u0105c, \u017ce wydaj\u0105 si\u0119 pe\u0142niejsze. Idealny r\u00f3wnie\u017c do \u0142agodzenia i silnego od\u017cywienia ust po zabiegach medyczno &#8211; estetycznych.<\/p>\n<p>Zawiera:<br \/>\n&#8211; Mikrosfery kwasu hialuronowego: nawil\u017caj\u0105 i wype\u0142niaj\u0105<br \/>\n&#8211; Kompleks multiceramidowy: od\u017cywczy, ochronny<br \/>\n&#8211; Wycia\u0328g z korzenia magnolii: dzia\u0142a \u0142agodz\u0105co i nawil\u017caj\u0105co<br \/>\n&#8211; Witamin\u0119 E: antyoksydacyjna i ochronna<\/p>\n<p>Dla kogo:<br \/>\ndoskona\u0142y dla suchych, pop\u0119kanych ust, rekomendowany r\u00f3wnie\u017c po zabiegach medyczno &#8211; estetycznych, w tym w trakcie leczenia izotretynoin\u0105.<\/p>\n<p>Atuty:<br \/>\n&#8211; g\u0142\u0119bokie od\u017cywienie i regeneracja<\/p>\n","protected":false},"excerpt":{"rendered":"<h5>HA HERO Krem ceramidowy do piel\u0119gnacji ust<\/h5>\n<h6><b>20 ml<\/b><\/h6>\n<p>Otulaj\u0105ca i roztapiaj\u0105ca si\u0119 konsystencja kremu, zapewnia ochron\u0119 i od\u017cywienie, przeciwdzia\u0142aj\u0105c odwodnieniu, wysuszeniu oraz p\u0119kaniu. Dzi\u0119ki lekko r\u00f3\u017cowej barwie zmi\u0119kcza i rozja\u015bnia usta, sprawiaj\u0105c, \u017ce wydaj\u0105 si\u0119 pe\u0142niejsze. Idealny r\u00f3wnie\u017c do \u0142agodzenia i silnego od\u017cywienia ust po zabiegach medyczno \u2013 estetycznych.<\/p>\n","protected":false},"featured_media":4199,"comment_status":"open","ping_status":"closed","template":"","meta":{"ocean_post_layout":"","ocean_both_sidebars_style":"","ocean_both_sidebars_content_width":0,"ocean_both_sidebars_sidebars_width":0,"ocean_sidebar":"0","ocean_second_sidebar":"0","ocean_disable_margins":"enable","ocean_add_body_class":"","ocean_shortcode_before_top_bar":"","ocean_shortcode_after_top_bar":"","ocean_shortcode_before_header":"","ocean_shortcode_after_header":"","ocean_has_shortcode":"","ocean_shortcode_after_title":"","ocean_shortcode_before_footer_widgets":"","ocean_shortcode_after_footer_widgets":"","ocean_shortcode_before_footer_bottom":"","ocean_shortcode_after_footer_bottom":"","ocean_display_top_bar":"default","ocean_display_header":"default","ocean_header_style":"","ocean_center_header_left_menu":"0","ocean_custom_header_template":"0","ocean_custom_logo":0,"ocean_custom_retina_logo":0,"ocean_custom_logo_max_width":0,"ocean_custom_logo_tablet_max_width":0,"ocean_custom_logo_mobile_max_width":0,"ocean_custom_logo_max_height":0,"ocean_custom_logo_tablet_max_height":0,"ocean_custom_logo_mobile_max_height":0,"ocean_header_custom_menu":"0","ocean_menu_typo_font_family":"0","ocean_menu_typo_font_subset":"","ocean_menu_typo_font_size":0,"ocean_menu_typo_font_size_tablet":0,"ocean_menu_typo_font_size_mobile":0,"ocean_menu_typo_font_size_unit":"px","ocean_menu_typo_font_weight":"","ocean_menu_typo_font_weight_tablet":"","ocean_menu_typo_font_weight_mobile":"","ocean_menu_typo_transform":"","ocean_menu_typo_transform_tablet":"","ocean_menu_typo_transform_mobile":"","ocean_menu_typo_line_height":0,"ocean_menu_typo_line_height_tablet":0,"ocean_menu_typo_line_height_mobile":0,"ocean_menu_typo_line_height_unit":"","ocean_menu_typo_spacing":0,"ocean_menu_typo_spacing_tablet":0,"ocean_menu_typo_spacing_mobile":0,"ocean_menu_typo_spacing_unit":"","ocean_menu_link_color":"","ocean_menu_link_color_hover":"","ocean_menu_link_color_active":"","ocean_menu_link_background":"","ocean_menu_link_hover_background":"","ocean_menu_link_active_background":"","ocean_menu_social_links_bg":"","ocean_menu_social_hover_links_bg":"","ocean_menu_social_links_color":"","ocean_menu_social_hover_links_color":"","ocean_disable_title":"on","ocean_disable_heading":"default","ocean_post_title":"","ocean_post_subheading":"","ocean_post_title_style":"","ocean_post_title_background_color":"","ocean_post_title_background":0,"ocean_post_title_bg_image_position":"","ocean_post_title_bg_image_attachment":"","ocean_post_title_bg_image_repeat":"","ocean_post_title_bg_image_size":"","ocean_post_title_height":0,"ocean_post_title_bg_overlay":0.5,"ocean_post_title_bg_overlay_color":"","ocean_disable_breadcrumbs":"off","ocean_breadcrumbs_color":"","ocean_breadcrumbs_separator_color":"","ocean_breadcrumbs_links_color":"","ocean_breadcrumbs_links_hover_color":"","ocean_display_footer_widgets":"off","ocean_display_footer_bottom":"off","ocean_custom_footer_template":"0"},"product_brand":[],"product_cat":[21,25,33],"product_tag":[],"class_list":{"0":"post-1401","1":"product","2":"type-product","3":"status-publish","4":"has-post-thumbnail","6":"product_cat-diego-dalla-palma","7":"product_cat-twarz","8":"product_cat-ha-hero","10":"entry","11":"has-media","13":"first","14":"instock","15":"taxable","16":"shipping-taxable","17":"purchasable","18":"product-type-simple","19":"col","20":"span_1_of_3","21":"owp-content-center","22":"owp-thumbs-layout-horizontal","23":"owp-btn-big","24":"owp-tabs-layout-horizontal","25":"has-no-thumbnails"},"_links":{"self":[{"href":"https:\/\/egoskincare.pl\/sklep\/wp-json\/wp\/v2\/product\/1401","targetHints":{"allow":["GET"]}}],"collection":[{"href":"https:\/\/egoskincare.pl\/sklep\/wp-json\/wp\/v2\/product"}],"about":[{"href":"https:\/\/egoskincare.pl\/sklep\/wp-json\/wp\/v2\/types\/product"}],"replies":[{"embeddable":true,"href":"https:\/\/egoskincare.pl\/sklep\/wp-json\/wp\/v2\/comments?post=1401"}],"wp:featuredmedia":[{"embeddable":true,"href":"https:\/\/egoskincare.pl\/sklep\/wp-json\/wp\/v2\/media\/4199"}],"wp:attachment":[{"href":"https:\/\/egoskincare.pl\/sklep\/wp-json\/wp\/v2\/media?parent=1401"}],"wp:term":[{"taxonomy":"product_brand","embeddable":true,"href":"https:\/\/egoskincare.pl\/sklep\/wp-json\/wp\/v2\/product_brand?post=1401"},{"taxonomy":"product_cat","embeddable":true,"href":"https:\/\/egoskincare.pl\/sklep\/wp-json\/wp\/v2\/product_cat?post=1401"},{"taxonomy":"product_tag","embeddable":true,"href":"https:\/\/egoskincare.pl\/sklep\/wp-json\/wp\/v2\/product_tag?post=1401"}],"curies":[{"name":"wp","href":"https:\/\/api.w.org\/{rel}","templated":true}]}}